{"id":1007,"date":"2020-08-06T15:37:36","date_gmt":"2020-08-06T13:37:36","guid":{"rendered":"http:\/\/www.rbw.it\/it\/?page_id=1007"},"modified":"2023-03-15T18:39:50","modified_gmt":"2023-03-15T16:39:50","slug":"luomo-del-labirinto","status":"publish","type":"page","link":"https:\/\/www.rbw.it\/it\/produzioni\/colorado-movies\/luomo-del-labirinto\/","title":{"rendered":"L&#8217;uomo Del Labirinto"},"content":{"rendered":"\n<p>Samantha Andretti \u00e8 stata rapita una mattina d\u2019inverno mentre andava a scuola. Quindici anni dopo, si risveglia in una stanza d\u2019ospedale senza ricordare dove \u00e8 stata n\u00e9 cosa le \u00e8 accaduto in tutto quel tempo. Accanto a lei c\u2019\u00e8 un \u00abprofiler\u00bb, il dottor Green: sostiene che l\u2019aiuter\u00e0 a recuperare la memoria e che insieme cattureranno il mostro. Ma l\u2019avverte che la caccia non avverr\u00e0 l\u00e0 fuori, nel mondo reale. Bens\u00ec nella sua mente. \u00abQuesto \u00e8 un gioco, vero?\u00bb ripete, dubbiosa, la ragazza.<br>Bruno Genko \u00e8 un investigatore privato. Quindici anni prima \u00e8 stato ingaggiato dai genitori di Samantha per ritrovare la figlia. Adesso che la ragazza \u00e8 riapparsa, sente di avere un debito con lei e prover\u00e0 a catturare l\u2019uomo senza volto che l\u2019ha rapita. Ma quella di Genko \u00e8 anche una lotta contro il tempo. Perch\u00e9 un medico gli ha detto che gli restano due mesi di vita. E, per uno scherzo del destino, quei due mesi sono scaduti proprio nel giorno in cui Samantha \u00e8 tornata indietro dal buio. Chi giunger\u00e0 prima alla verit\u00e0: l\u2019investigatore o il profiler?&#8230; Ma siamo sicuri che, alla fine di tutto, ci sia un\u2019unica verit\u00e0? Perch\u00e9 questa non \u00e8 un\u2019indagine come le altre\u2026 Qualcuno ha un segreto, qualcuno sta mentendo. E da qualche parte, l\u00e0 fuori, c\u2019\u00e8 un labirinto pieno di porte. E dietro ognuna si nasconde un enigma, un inganno. In questo gioco nella mente dello spettatore, il labirinto di cui sei prigioniero \u00e8 gi\u00e0 dentro di te.<\/p>\n","protected":false},"excerpt":{"rendered":"<p>Samantha Andretti \u00e8 stata rapita una mattina d\u2019inverno mentre andava a scuola. Quindici anni dopo, si risveglia in una stanza d\u2019ospedale senza ricordare dove \u00e8 stata n\u00e9 cosa le \u00e8 accaduto in tutto quel tempo. Accanto a lei c\u2019\u00e8 un \u00abprofiler\u00bb, il dottor Green: sostiene che l\u2019aiuter\u00e0 a recuperare la memoria e che insieme cattureranno [&#8230;]<\/p>\n<p><a class=\"btn btn-secondary understrap-read-more-link\" href=\"https:\/\/www.rbw.it\/it\/produzioni\/colorado-movies\/luomo-del-labirinto\/\">Leggi di pi\u00f9&#8230;<span class=\"screen-reader-text\"> from L&#8217;uomo Del Labirinto<\/span><\/a><\/p>\n","protected":false},"author":3,"featured_media":0,"parent":528,"menu_order":6,"comment_status":"closed","ping_status":"closed","template":"page-templates\/pag_overlay.php","meta":{"_acf_changed":false,"footnotes":""},"categories":[],"tags":[],"class_list":["post-1007","page","type-page","status-publish","hentry"],"acf":[],"yoast_head":"<!-- This site is optimized with the Yoast SEO plugin v27.4 - https:\/\/yoast.com\/product\/yoast-seo-wordpress\/ -->\n<title>L&#039;uomo Del Labirinto - Rainbow SpA<\/title>\n<meta name=\"robots\" content=\"index, follow, max-snippet:-1, max-image-preview:large, max-video-preview:-1\" \/>\n<link rel=\"canonical\" href=\"https:\/\/www.rbw.it\/it\/produzioni\/colorado-movies\/luomo-del-labirinto\/\" \/>\n<meta property=\"og:locale\" content=\"it_IT\" \/>\n<meta property=\"og:type\" content=\"article\" \/>\n<meta property=\"og:title\" content=\"L&#039;uomo Del Labirinto - Rainbow SpA\" \/>\n<meta property=\"og:description\" content=\"Samantha Andretti \u00e8 stata rapita una mattina d\u2019inverno mentre andava a scuola. Quindici anni dopo, si risveglia in una stanza d\u2019ospedale senza ricordare dove \u00e8 stata n\u00e9 cosa le \u00e8 accaduto in tutto quel tempo. Accanto a lei c\u2019\u00e8 un \u00abprofiler\u00bb, il dottor Green: sostiene che l\u2019aiuter\u00e0 a recuperare la memoria e che insieme cattureranno [...]Leggi di pi\u00f9... from L&#8217;uomo Del Labirinto\" \/>\n<meta property=\"og:url\" content=\"https:\/\/www.rbw.it\/it\/produzioni\/colorado-movies\/luomo-del-labirinto\/\" \/>\n<meta property=\"og:site_name\" content=\"Rainbow SpA\" \/>\n<meta property=\"article:publisher\" content=\"https:\/\/www.facebook.com\/RainbowGroupOfficial\/\" \/>\n<meta property=\"article:modified_time\" content=\"2023-03-15T16:39:50+00:00\" \/>\n<meta name=\"twitter:card\" content=\"summary_large_image\" \/>\n<meta name=\"twitter:label1\" content=\"Tempo di lettura stimato\" \/>\n\t<meta name=\"twitter:data1\" content=\"2 minuti\" \/>\n<script type=\"application\/ld+json\" class=\"yoast-schema-graph\">{\"@context\":\"https:\\\/\\\/schema.org\",\"@graph\":[{\"@type\":\"WebPage\",\"@id\":\"https:\\\/\\\/www.rbw.it\\\/it\\\/produzioni\\\/colorado-movies\\\/luomo-del-labirinto\\\/\",\"url\":\"https:\\\/\\\/www.rbw.it\\\/it\\\/produzioni\\\/colorado-movies\\\/luomo-del-labirinto\\\/\",\"name\":\"L'uomo Del Labirinto - Rainbow SpA\",\"isPartOf\":{\"@id\":\"https:\\\/\\\/www.rbw.it\\\/it\\\/#website\"},\"datePublished\":\"2020-08-06T13:37:36+00:00\",\"dateModified\":\"2023-03-15T16:39:50+00:00\",\"breadcrumb\":{\"@id\":\"https:\\\/\\\/www.rbw.it\\\/it\\\/produzioni\\\/colorado-movies\\\/luomo-del-labirinto\\\/#breadcrumb\"},\"inLanguage\":\"it-IT\",\"potentialAction\":[{\"@type\":\"ReadAction\",\"target\":[\"https:\\\/\\\/www.rbw.it\\\/it\\\/produzioni\\\/colorado-movies\\\/luomo-del-labirinto\\\/\"]}]},{\"@type\":\"BreadcrumbList\",\"@id\":\"https:\\\/\\\/www.rbw.it\\\/it\\\/produzioni\\\/colorado-movies\\\/luomo-del-labirinto\\\/#breadcrumb\",\"itemListElement\":[{\"@type\":\"ListItem\",\"position\":1,\"name\":\"Home\",\"item\":\"https:\\\/\\\/www.rbw.it\\\/it\\\/\"},{\"@type\":\"ListItem\",\"position\":2,\"name\":\"Produzioni\",\"item\":\"https:\\\/\\\/www.rbw.it\\\/it\\\/produzioni\\\/\"},{\"@type\":\"ListItem\",\"position\":3,\"name\":\"Colorado Movies\",\"item\":\"https:\\\/\\\/www.rbw.it\\\/it\\\/produzioni\\\/colorado-movies\\\/\"},{\"@type\":\"ListItem\",\"position\":4,\"name\":\"L&#8217;uomo Del Labirinto\"}]},{\"@type\":\"WebSite\",\"@id\":\"https:\\\/\\\/www.rbw.it\\\/it\\\/#website\",\"url\":\"https:\\\/\\\/www.rbw.it\\\/it\\\/\",\"name\":\"Rainbow SpA\",\"description\":\"Beyond magic\",\"publisher\":{\"@id\":\"https:\\\/\\\/www.rbw.it\\\/it\\\/#organization\"},\"potentialAction\":[{\"@type\":\"SearchAction\",\"target\":{\"@type\":\"EntryPoint\",\"urlTemplate\":\"https:\\\/\\\/www.rbw.it\\\/it\\\/?s={search_term_string}\"},\"query-input\":{\"@type\":\"PropertyValueSpecification\",\"valueRequired\":true,\"valueName\":\"search_term_string\"}}],\"inLanguage\":\"it-IT\"},{\"@type\":\"Organization\",\"@id\":\"https:\\\/\\\/www.rbw.it\\\/it\\\/#organization\",\"name\":\"Rainbow SpA\",\"url\":\"https:\\\/\\\/www.rbw.it\\\/it\\\/\",\"logo\":{\"@type\":\"ImageObject\",\"inLanguage\":\"it-IT\",\"@id\":\"https:\\\/\\\/www.rbw.it\\\/it\\\/#\\\/schema\\\/logo\\\/image\\\/\",\"url\":\"https:\\\/\\\/www.rbw.it\\\/it\\\/wp-content\\\/uploads\\\/sites\\\/6\\\/2016\\\/10\\\/logo.png\",\"contentUrl\":\"https:\\\/\\\/www.rbw.it\\\/it\\\/wp-content\\\/uploads\\\/sites\\\/6\\\/2016\\\/10\\\/logo.png\",\"width\":113,\"height\":90,\"caption\":\"Rainbow SpA\"},\"image\":{\"@id\":\"https:\\\/\\\/www.rbw.it\\\/it\\\/#\\\/schema\\\/logo\\\/image\\\/\"},\"sameAs\":[\"https:\\\/\\\/www.facebook.com\\\/RainbowGroupOfficial\\\/\",\"https:\\\/\\\/www.instagram.com\\\/rainbowgroupofficial_\\\/\",\"https:\\\/\\\/www.linkedin.com\\\/company\\\/rainbowgroupofficial\\\/\",\"https:\\\/\\\/www.youtube.com\\\/channel\\\/UCOQ7INK1R7ySyytS_3fYl4A\"]}]}<\/script>\n<!-- \/ Yoast SEO plugin. -->","yoast_head_json":{"title":"L'uomo Del Labirinto - Rainbow SpA","robots":{"index":"index","follow":"follow","max-snippet":"max-snippet:-1","max-image-preview":"max-image-preview:large","max-video-preview":"max-video-preview:-1"},"canonical":"https:\/\/www.rbw.it\/it\/produzioni\/colorado-movies\/luomo-del-labirinto\/","og_locale":"it_IT","og_type":"article","og_title":"L'uomo Del Labirinto - Rainbow SpA","og_description":"Samantha Andretti \u00e8 stata rapita una mattina d\u2019inverno mentre andava a scuola. Quindici anni dopo, si risveglia in una stanza d\u2019ospedale senza ricordare dove \u00e8 stata n\u00e9 cosa le \u00e8 accaduto in tutto quel tempo. Accanto a lei c\u2019\u00e8 un \u00abprofiler\u00bb, il dottor Green: sostiene che l\u2019aiuter\u00e0 a recuperare la memoria e che insieme cattureranno [...]Leggi di pi\u00f9... from L&#8217;uomo Del Labirinto","og_url":"https:\/\/www.rbw.it\/it\/produzioni\/colorado-movies\/luomo-del-labirinto\/","og_site_name":"Rainbow SpA","article_publisher":"https:\/\/www.facebook.com\/RainbowGroupOfficial\/","article_modified_time":"2023-03-15T16:39:50+00:00","twitter_card":"summary_large_image","twitter_misc":{"Tempo di lettura stimato":"2 minuti"},"schema":{"@context":"https:\/\/schema.org","@graph":[{"@type":"WebPage","@id":"https:\/\/www.rbw.it\/it\/produzioni\/colorado-movies\/luomo-del-labirinto\/","url":"https:\/\/www.rbw.it\/it\/produzioni\/colorado-movies\/luomo-del-labirinto\/","name":"L'uomo Del Labirinto - Rainbow SpA","isPartOf":{"@id":"https:\/\/www.rbw.it\/it\/#website"},"datePublished":"2020-08-06T13:37:36+00:00","dateModified":"2023-03-15T16:39:50+00:00","breadcrumb":{"@id":"https:\/\/www.rbw.it\/it\/produzioni\/colorado-movies\/luomo-del-labirinto\/#breadcrumb"},"inLanguage":"it-IT","potentialAction":[{"@type":"ReadAction","target":["https:\/\/www.rbw.it\/it\/produzioni\/colorado-movies\/luomo-del-labirinto\/"]}]},{"@type":"BreadcrumbList","@id":"https:\/\/www.rbw.it\/it\/produzioni\/colorado-movies\/luomo-del-labirinto\/#breadcrumb","itemListElement":[{"@type":"ListItem","position":1,"name":"Home","item":"https:\/\/www.rbw.it\/it\/"},{"@type":"ListItem","position":2,"name":"Produzioni","item":"https:\/\/www.rbw.it\/it\/produzioni\/"},{"@type":"ListItem","position":3,"name":"Colorado Movies","item":"https:\/\/www.rbw.it\/it\/produzioni\/colorado-movies\/"},{"@type":"ListItem","position":4,"name":"L&#8217;uomo Del Labirinto"}]},{"@type":"WebSite","@id":"https:\/\/www.rbw.it\/it\/#website","url":"https:\/\/www.rbw.it\/it\/","name":"Rainbow SpA","description":"Beyond magic","publisher":{"@id":"https:\/\/www.rbw.it\/it\/#organization"},"potentialAction":[{"@type":"SearchAction","target":{"@type":"EntryPoint","urlTemplate":"https:\/\/www.rbw.it\/it\/?s={search_term_string}"},"query-input":{"@type":"PropertyValueSpecification","valueRequired":true,"valueName":"search_term_string"}}],"inLanguage":"it-IT"},{"@type":"Organization","@id":"https:\/\/www.rbw.it\/it\/#organization","name":"Rainbow SpA","url":"https:\/\/www.rbw.it\/it\/","logo":{"@type":"ImageObject","inLanguage":"it-IT","@id":"https:\/\/www.rbw.it\/it\/#\/schema\/logo\/image\/","url":"https:\/\/www.rbw.it\/it\/wp-content\/uploads\/sites\/6\/2016\/10\/logo.png","contentUrl":"https:\/\/www.rbw.it\/it\/wp-content\/uploads\/sites\/6\/2016\/10\/logo.png","width":113,"height":90,"caption":"Rainbow SpA"},"image":{"@id":"https:\/\/www.rbw.it\/it\/#\/schema\/logo\/image\/"},"sameAs":["https:\/\/www.facebook.com\/RainbowGroupOfficial\/","https:\/\/www.instagram.com\/rainbowgroupofficial_\/","https:\/\/www.linkedin.com\/company\/rainbowgroupofficial\/","https:\/\/www.youtube.com\/channel\/UCOQ7INK1R7ySyytS_3fYl4A"]}]}},"_links":{"self":[{"href":"https:\/\/www.rbw.it\/it\/wp-json\/wp\/v2\/pages\/1007","targetHints":{"allow":["GET"]}}],"collection":[{"href":"https:\/\/www.rbw.it\/it\/wp-json\/wp\/v2\/pages"}],"about":[{"href":"https:\/\/www.rbw.it\/it\/wp-json\/wp\/v2\/types\/page"}],"author":[{"embeddable":true,"href":"https:\/\/www.rbw.it\/it\/wp-json\/wp\/v2\/users\/3"}],"replies":[{"embeddable":true,"href":"https:\/\/www.rbw.it\/it\/wp-json\/wp\/v2\/comments?post=1007"}],"version-history":[{"count":9,"href":"https:\/\/www.rbw.it\/it\/wp-json\/wp\/v2\/pages\/1007\/revisions"}],"predecessor-version":[{"id":2067,"href":"https:\/\/www.rbw.it\/it\/wp-json\/wp\/v2\/pages\/1007\/revisions\/2067"}],"up":[{"embeddable":true,"href":"https:\/\/www.rbw.it\/it\/wp-json\/wp\/v2\/pages\/528"}],"wp:attachment":[{"href":"https:\/\/www.rbw.it\/it\/wp-json\/wp\/v2\/media?parent=1007"}],"wp:term":[{"taxonomy":"category","embeddable":true,"href":"https:\/\/www.rbw.it\/it\/wp-json\/wp\/v2\/categories?post=1007"},{"taxonomy":"post_tag","embeddable":true,"href":"https:\/\/www.rbw.it\/it\/wp-json\/wp\/v2\/tags?post=1007"}],"curies":[{"name":"wp","href":"https:\/\/api.w.org\/{rel}","templated":true}]}}