{"id":1009,"date":"2020-08-06T15:38:42","date_gmt":"2020-08-06T13:38:42","guid":{"rendered":"http:\/\/www.rbw.it\/it\/?page_id=1009"},"modified":"2020-08-07T16:32:32","modified_gmt":"2020-08-07T14:32:32","slug":"the-nest","status":"publish","type":"page","link":"https:\/\/www.rbw.it\/it\/produzioni\/colorado-movies\/the-nest\/","title":{"rendered":"The Nest"},"content":{"rendered":"\n<p>Samuel (Justin Korovkin) \u00e8 un giovane ragazzo costretto su una sedia a rotelle che vive con sua madre Elena (Francesca Cavallin) a \u201cVilla dei Laghi\u201d una residenza isolata circondata da boschi. Bloccato nella routine familiare e con il rigoroso divieto di allontanarsi dalla dimora, Samuel cresce apparentemente protetto ma insoddisfatto e irrequieto. Tuttavia, la vita nella Villa \u00e8 sempre pi\u00f9 frequentemente sconvolta da avvenimenti strani ed inquietanti; fino a quando, l&#8217;arrivo dell\u2019adolescente Denise (Ginevra Francesconi) scardiner\u00e0 definitivamente gli equilibri della famiglia, dando a Samuel la forza di opporsi alle restrizioni imposte da sua madre e di cercare la verit\u00e0 sul mondo che lo circonda. Ma Elena non lascer\u00e0 andare suo figlio cos\u00ec facilmente e sar\u00e0 pronta a fare di tutto per tenerlo con s\u00e9. Perch\u00e9 Elena costringe Samuel a vivere come prigioniero nella sua stessa casa, vietandogli di lasciare la tenuta? Quale mistero nasconde?<\/p>\n","protected":false},"excerpt":{"rendered":"<p>Samuel (Justin Korovkin) \u00e8 un giovane ragazzo costretto su una sedia a rotelle che vive con sua madre Elena (Francesca Cavallin) a \u201cVilla dei Laghi\u201d una residenza isolata circondata da boschi. Bloccato nella routine familiare e con il rigoroso divieto di allontanarsi dalla dimora, Samuel cresce apparentemente protetto ma insoddisfatto e irrequieto. Tuttavia, la vita [&#8230;]<\/p>\n<p><a class=\"btn btn-secondary understrap-read-more-link\" href=\"https:\/\/www.rbw.it\/it\/produzioni\/colorado-movies\/the-nest\/\">Leggi di pi\u00f9&#8230;<span class=\"screen-reader-text\"> from The Nest<\/span><\/a><\/p>\n","protected":false},"author":3,"featured_media":0,"parent":528,"menu_order":7,"comment_status":"closed","ping_status":"closed","template":"page-templates\/pag_overlay.php","meta":{"_acf_changed":false,"footnotes":""},"categories":[],"tags":[],"class_list":["post-1009","page","type-page","status-publish","hentry"],"acf":[],"yoast_head":"<!-- This site is optimized with the Yoast SEO plugin v27.2 - https:\/\/yoast.com\/product\/yoast-seo-wordpress\/ -->\n<title>The Nest - Rainbow SpA<\/title>\n<meta name=\"robots\" content=\"index, follow, max-snippet:-1, max-image-preview:large, max-video-preview:-1\" \/>\n<link rel=\"canonical\" href=\"https:\/\/www.rbw.it\/it\/produzioni\/colorado-movies\/the-nest\/\" \/>\n<meta property=\"og:locale\" content=\"it_IT\" \/>\n<meta property=\"og:type\" content=\"article\" \/>\n<meta property=\"og:title\" content=\"The Nest - Rainbow SpA\" \/>\n<meta property=\"og:description\" content=\"Samuel (Justin Korovkin) \u00e8 un giovane ragazzo costretto su una sedia a rotelle che vive con sua madre Elena (Francesca Cavallin) a \u201cVilla dei Laghi\u201d una residenza isolata circondata da boschi. Bloccato nella routine familiare e con il rigoroso divieto di allontanarsi dalla dimora, Samuel cresce apparentemente protetto ma insoddisfatto e irrequieto. Tuttavia, la vita [...]Leggi di pi\u00f9... from The Nest\" \/>\n<meta property=\"og:url\" content=\"https:\/\/www.rbw.it\/it\/produzioni\/colorado-movies\/the-nest\/\" \/>\n<meta property=\"og:site_name\" content=\"Rainbow SpA\" \/>\n<meta property=\"article:publisher\" content=\"https:\/\/www.facebook.com\/RainbowGroupOfficial\/\" \/>\n<meta property=\"article:modified_time\" content=\"2020-08-07T14:32:32+00:00\" \/>\n<meta name=\"twitter:card\" content=\"summary_large_image\" \/>\n<meta name=\"twitter:label1\" content=\"Tempo di lettura stimato\" \/>\n\t<meta name=\"twitter:data1\" content=\"1 minuto\" \/>\n<script type=\"application\/ld+json\" class=\"yoast-schema-graph\">{\"@context\":\"https:\/\/schema.org\",\"@graph\":[{\"@type\":\"WebPage\",\"@id\":\"https:\/\/www.rbw.it\/it\/produzioni\/colorado-movies\/the-nest\/\",\"url\":\"https:\/\/www.rbw.it\/it\/produzioni\/colorado-movies\/the-nest\/\",\"name\":\"The Nest - Rainbow SpA\",\"isPartOf\":{\"@id\":\"https:\/\/www.rbw.it\/it\/#website\"},\"datePublished\":\"2020-08-06T13:38:42+00:00\",\"dateModified\":\"2020-08-07T14:32:32+00:00\",\"breadcrumb\":{\"@id\":\"https:\/\/www.rbw.it\/it\/produzioni\/colorado-movies\/the-nest\/#breadcrumb\"},\"inLanguage\":\"it-IT\",\"potentialAction\":[{\"@type\":\"ReadAction\",\"target\":[\"https:\/\/www.rbw.it\/it\/produzioni\/colorado-movies\/the-nest\/\"]}]},{\"@type\":\"BreadcrumbList\",\"@id\":\"https:\/\/www.rbw.it\/it\/produzioni\/colorado-movies\/the-nest\/#breadcrumb\",\"itemListElement\":[{\"@type\":\"ListItem\",\"position\":1,\"name\":\"Home\",\"item\":\"https:\/\/www.rbw.it\/it\/\"},{\"@type\":\"ListItem\",\"position\":2,\"name\":\"Produzioni\",\"item\":\"https:\/\/www.rbw.it\/it\/produzioni\/\"},{\"@type\":\"ListItem\",\"position\":3,\"name\":\"Colorado Movies\",\"item\":\"https:\/\/www.rbw.it\/it\/produzioni\/colorado-movies\/\"},{\"@type\":\"ListItem\",\"position\":4,\"name\":\"The Nest\"}]},{\"@type\":\"WebSite\",\"@id\":\"https:\/\/www.rbw.it\/it\/#website\",\"url\":\"https:\/\/www.rbw.it\/it\/\",\"name\":\"Rainbow SpA\",\"description\":\"Beyond magic\",\"publisher\":{\"@id\":\"https:\/\/www.rbw.it\/it\/#organization\"},\"potentialAction\":[{\"@type\":\"SearchAction\",\"target\":{\"@type\":\"EntryPoint\",\"urlTemplate\":\"https:\/\/www.rbw.it\/it\/?s={search_term_string}\"},\"query-input\":{\"@type\":\"PropertyValueSpecification\",\"valueRequired\":true,\"valueName\":\"search_term_string\"}}],\"inLanguage\":\"it-IT\"},{\"@type\":\"Organization\",\"@id\":\"https:\/\/www.rbw.it\/it\/#organization\",\"name\":\"Rainbow SpA\",\"url\":\"https:\/\/www.rbw.it\/it\/\",\"logo\":{\"@type\":\"ImageObject\",\"inLanguage\":\"it-IT\",\"@id\":\"https:\/\/www.rbw.it\/it\/#\/schema\/logo\/image\/\",\"url\":\"https:\/\/www.rbw.it\/it\/wp-content\/uploads\/sites\/6\/2016\/10\/logo.png\",\"contentUrl\":\"https:\/\/www.rbw.it\/it\/wp-content\/uploads\/sites\/6\/2016\/10\/logo.png\",\"width\":113,\"height\":90,\"caption\":\"Rainbow SpA\"},\"image\":{\"@id\":\"https:\/\/www.rbw.it\/it\/#\/schema\/logo\/image\/\"},\"sameAs\":[\"https:\/\/www.facebook.com\/RainbowGroupOfficial\/\",\"https:\/\/www.instagram.com\/rainbowgroupofficial_\/\",\"https:\/\/www.linkedin.com\/company\/rainbowgroupofficial\/\",\"https:\/\/www.youtube.com\/channel\/UCOQ7INK1R7ySyytS_3fYl4A\"]}]}<\/script>\n<!-- \/ Yoast SEO plugin. -->","yoast_head_json":{"title":"The Nest - Rainbow SpA","robots":{"index":"index","follow":"follow","max-snippet":"max-snippet:-1","max-image-preview":"max-image-preview:large","max-video-preview":"max-video-preview:-1"},"canonical":"https:\/\/www.rbw.it\/it\/produzioni\/colorado-movies\/the-nest\/","og_locale":"it_IT","og_type":"article","og_title":"The Nest - Rainbow SpA","og_description":"Samuel (Justin Korovkin) \u00e8 un giovane ragazzo costretto su una sedia a rotelle che vive con sua madre Elena (Francesca Cavallin) a \u201cVilla dei Laghi\u201d una residenza isolata circondata da boschi. Bloccato nella routine familiare e con il rigoroso divieto di allontanarsi dalla dimora, Samuel cresce apparentemente protetto ma insoddisfatto e irrequieto. Tuttavia, la vita [...]Leggi di pi\u00f9... from The Nest","og_url":"https:\/\/www.rbw.it\/it\/produzioni\/colorado-movies\/the-nest\/","og_site_name":"Rainbow SpA","article_publisher":"https:\/\/www.facebook.com\/RainbowGroupOfficial\/","article_modified_time":"2020-08-07T14:32:32+00:00","twitter_card":"summary_large_image","twitter_misc":{"Tempo di lettura stimato":"1 minuto"},"schema":{"@context":"https:\/\/schema.org","@graph":[{"@type":"WebPage","@id":"https:\/\/www.rbw.it\/it\/produzioni\/colorado-movies\/the-nest\/","url":"https:\/\/www.rbw.it\/it\/produzioni\/colorado-movies\/the-nest\/","name":"The Nest - Rainbow SpA","isPartOf":{"@id":"https:\/\/www.rbw.it\/it\/#website"},"datePublished":"2020-08-06T13:38:42+00:00","dateModified":"2020-08-07T14:32:32+00:00","breadcrumb":{"@id":"https:\/\/www.rbw.it\/it\/produzioni\/colorado-movies\/the-nest\/#breadcrumb"},"inLanguage":"it-IT","potentialAction":[{"@type":"ReadAction","target":["https:\/\/www.rbw.it\/it\/produzioni\/colorado-movies\/the-nest\/"]}]},{"@type":"BreadcrumbList","@id":"https:\/\/www.rbw.it\/it\/produzioni\/colorado-movies\/the-nest\/#breadcrumb","itemListElement":[{"@type":"ListItem","position":1,"name":"Home","item":"https:\/\/www.rbw.it\/it\/"},{"@type":"ListItem","position":2,"name":"Produzioni","item":"https:\/\/www.rbw.it\/it\/produzioni\/"},{"@type":"ListItem","position":3,"name":"Colorado Movies","item":"https:\/\/www.rbw.it\/it\/produzioni\/colorado-movies\/"},{"@type":"ListItem","position":4,"name":"The Nest"}]},{"@type":"WebSite","@id":"https:\/\/www.rbw.it\/it\/#website","url":"https:\/\/www.rbw.it\/it\/","name":"Rainbow SpA","description":"Beyond magic","publisher":{"@id":"https:\/\/www.rbw.it\/it\/#organization"},"potentialAction":[{"@type":"SearchAction","target":{"@type":"EntryPoint","urlTemplate":"https:\/\/www.rbw.it\/it\/?s={search_term_string}"},"query-input":{"@type":"PropertyValueSpecification","valueRequired":true,"valueName":"search_term_string"}}],"inLanguage":"it-IT"},{"@type":"Organization","@id":"https:\/\/www.rbw.it\/it\/#organization","name":"Rainbow SpA","url":"https:\/\/www.rbw.it\/it\/","logo":{"@type":"ImageObject","inLanguage":"it-IT","@id":"https:\/\/www.rbw.it\/it\/#\/schema\/logo\/image\/","url":"https:\/\/www.rbw.it\/it\/wp-content\/uploads\/sites\/6\/2016\/10\/logo.png","contentUrl":"https:\/\/www.rbw.it\/it\/wp-content\/uploads\/sites\/6\/2016\/10\/logo.png","width":113,"height":90,"caption":"Rainbow SpA"},"image":{"@id":"https:\/\/www.rbw.it\/it\/#\/schema\/logo\/image\/"},"sameAs":["https:\/\/www.facebook.com\/RainbowGroupOfficial\/","https:\/\/www.instagram.com\/rainbowgroupofficial_\/","https:\/\/www.linkedin.com\/company\/rainbowgroupofficial\/","https:\/\/www.youtube.com\/channel\/UCOQ7INK1R7ySyytS_3fYl4A"]}]}},"_links":{"self":[{"href":"https:\/\/www.rbw.it\/it\/wp-json\/wp\/v2\/pages\/1009","targetHints":{"allow":["GET"]}}],"collection":[{"href":"https:\/\/www.rbw.it\/it\/wp-json\/wp\/v2\/pages"}],"about":[{"href":"https:\/\/www.rbw.it\/it\/wp-json\/wp\/v2\/types\/page"}],"author":[{"embeddable":true,"href":"https:\/\/www.rbw.it\/it\/wp-json\/wp\/v2\/users\/3"}],"replies":[{"embeddable":true,"href":"https:\/\/www.rbw.it\/it\/wp-json\/wp\/v2\/comments?post=1009"}],"version-history":[{"count":6,"href":"https:\/\/www.rbw.it\/it\/wp-json\/wp\/v2\/pages\/1009\/revisions"}],"predecessor-version":[{"id":1408,"href":"https:\/\/www.rbw.it\/it\/wp-json\/wp\/v2\/pages\/1009\/revisions\/1408"}],"up":[{"embeddable":true,"href":"https:\/\/www.rbw.it\/it\/wp-json\/wp\/v2\/pages\/528"}],"wp:attachment":[{"href":"https:\/\/www.rbw.it\/it\/wp-json\/wp\/v2\/media?parent=1009"}],"wp:term":[{"taxonomy":"category","embeddable":true,"href":"https:\/\/www.rbw.it\/it\/wp-json\/wp\/v2\/categories?post=1009"},{"taxonomy":"post_tag","embeddable":true,"href":"https:\/\/www.rbw.it\/it\/wp-json\/wp\/v2\/tags?post=1009"}],"curies":[{"name":"wp","href":"https:\/\/api.w.org\/{rel}","templated":true}]}}