{"id":1011,"date":"2020-08-06T15:40:06","date_gmt":"2020-08-06T13:40:06","guid":{"rendered":"http:\/\/www.rbw.it\/it\/?page_id=1011"},"modified":"2020-08-07T16:00:48","modified_gmt":"2020-08-07T14:00:48","slug":"10-giorni-senza-mamma","status":"publish","type":"page","link":"https:\/\/www.rbw.it\/it\/produzioni\/colorado-movies\/10-giorni-senza-mamma\/","title":{"rendered":"10 Giorni Senza Mamma"},"content":{"rendered":"\n<p>Cosa succede se una mamma sempre presente decide di partire per dieci giorni lasciando i tre figli con un pap\u00e0 fino ad allora praticamente assente? Una sequela di disastrosi ed esilaranti eventi che travolgeranno Carlo (Fabio De Luigi) obbligato a fare il &#8220;mammo&#8221; a tempo pieno.<br \/>Carlo e Giulia (Valentina Lodovini) hanno tre figli: lui \u00e8 un pap\u00e0 distratto e assorbito dal lavoro, lei \u00e8 una mamma che si \u00e8 dedicata alla famiglia rinunciando alla sua carriera. I figli sono Camilla, un\u2019adolescente ribelle di 13 anni in pieno sviluppo ormonale e sentimentale, Tito 10 anni, furbo e sempre pronto a fare scherzi \u201cinnocui\u201d, la piccola Bianca di 2 anni che non parla, usa i gesti e si prende ci\u00f2 che vuole. Giulia, stanca della routine, comunica alla famiglia che sta per partire per dieci giorni di vacanza. Trovandosi da solo, Carlo si ritrova all\u2019improvviso in un vero e proprio incubo! Tra cene da preparare, inserimento all\u2019asilo, confidenze imbarazzanti della pi\u00f9 grande, giochi sfrenati con gli amici del figlio, liti, disastri sfiorati e appuntamenti saltati al lavoro, Carlo sopravvive a questi dieci interminabili giorni anche grazie al prezioso aiuto di una \u201cMary Poppins\u201d molto particolare (Diana Del Bufalo). Sar\u00e0 servito questo tempo per conoscere meglio i propri figli e riavvicinare la famiglia? Alla fine fare il mammo \u00e8 poi una cosa cos\u00ec tremenda? Una cosa importante per\u00f2 \u00e8 successa: Bianca ha finalmente detto PAP\u00c0!<\/p>\n","protected":false},"excerpt":{"rendered":"<p>Cosa succede se una mamma sempre presente decide di partire per dieci giorni lasciando i tre figli con un pap\u00e0 fino ad allora praticamente assente? Una sequela di disastrosi ed esilaranti eventi che travolgeranno Carlo (Fabio De Luigi) obbligato a fare il &#8220;mammo&#8221; a tempo pieno.Carlo e Giulia (Valentina Lodovini) hanno tre figli: lui \u00e8 [&#8230;]<\/p>\n<p><a class=\"btn btn-secondary understrap-read-more-link\" href=\"https:\/\/www.rbw.it\/it\/produzioni\/colorado-movies\/10-giorni-senza-mamma\/\">Leggi di pi\u00f9&#8230;<span class=\"screen-reader-text\"> from 10 Giorni Senza Mamma<\/span><\/a><\/p>\n","protected":false},"author":3,"featured_media":0,"parent":528,"menu_order":8,"comment_status":"closed","ping_status":"closed","template":"page-templates\/pag_overlay.php","meta":{"_acf_changed":false,"footnotes":""},"categories":[],"tags":[],"class_list":["post-1011","page","type-page","status-publish","hentry"],"acf":[],"yoast_head":"<!-- This site is optimized with the Yoast SEO plugin v27.4 - https:\/\/yoast.com\/product\/yoast-seo-wordpress\/ -->\n<title>10 Giorni Senza Mamma - Rainbow SpA<\/title>\n<meta name=\"robots\" content=\"index, follow, max-snippet:-1, max-image-preview:large, max-video-preview:-1\" \/>\n<link rel=\"canonical\" href=\"https:\/\/www.rbw.it\/it\/produzioni\/colorado-movies\/10-giorni-senza-mamma\/\" \/>\n<meta property=\"og:locale\" content=\"it_IT\" \/>\n<meta property=\"og:type\" content=\"article\" \/>\n<meta property=\"og:title\" content=\"10 Giorni Senza Mamma - Rainbow SpA\" \/>\n<meta property=\"og:description\" content=\"Cosa succede se una mamma sempre presente decide di partire per dieci giorni lasciando i tre figli con un pap\u00e0 fino ad allora praticamente assente? Una sequela di disastrosi ed esilaranti eventi che travolgeranno Carlo (Fabio De Luigi) obbligato a fare il &#8220;mammo&#8221; a tempo pieno.Carlo e Giulia (Valentina Lodovini) hanno tre figli: lui \u00e8 [...]Leggi di pi\u00f9... from 10 Giorni Senza Mamma\" \/>\n<meta property=\"og:url\" content=\"https:\/\/www.rbw.it\/it\/produzioni\/colorado-movies\/10-giorni-senza-mamma\/\" \/>\n<meta property=\"og:site_name\" content=\"Rainbow SpA\" \/>\n<meta property=\"article:publisher\" content=\"https:\/\/www.facebook.com\/RainbowGroupOfficial\/\" \/>\n<meta property=\"article:modified_time\" content=\"2020-08-07T14:00:48+00:00\" \/>\n<meta name=\"twitter:card\" content=\"summary_large_image\" \/>\n<meta name=\"twitter:label1\" content=\"Tempo di lettura stimato\" \/>\n\t<meta name=\"twitter:data1\" content=\"1 minuto\" \/>\n<script type=\"application\/ld+json\" class=\"yoast-schema-graph\">{\"@context\":\"https:\\\/\\\/schema.org\",\"@graph\":[{\"@type\":\"WebPage\",\"@id\":\"https:\\\/\\\/www.rbw.it\\\/it\\\/produzioni\\\/colorado-movies\\\/10-giorni-senza-mamma\\\/\",\"url\":\"https:\\\/\\\/www.rbw.it\\\/it\\\/produzioni\\\/colorado-movies\\\/10-giorni-senza-mamma\\\/\",\"name\":\"10 Giorni Senza Mamma - Rainbow SpA\",\"isPartOf\":{\"@id\":\"https:\\\/\\\/www.rbw.it\\\/it\\\/#website\"},\"datePublished\":\"2020-08-06T13:40:06+00:00\",\"dateModified\":\"2020-08-07T14:00:48+00:00\",\"breadcrumb\":{\"@id\":\"https:\\\/\\\/www.rbw.it\\\/it\\\/produzioni\\\/colorado-movies\\\/10-giorni-senza-mamma\\\/#breadcrumb\"},\"inLanguage\":\"it-IT\",\"potentialAction\":[{\"@type\":\"ReadAction\",\"target\":[\"https:\\\/\\\/www.rbw.it\\\/it\\\/produzioni\\\/colorado-movies\\\/10-giorni-senza-mamma\\\/\"]}]},{\"@type\":\"BreadcrumbList\",\"@id\":\"https:\\\/\\\/www.rbw.it\\\/it\\\/produzioni\\\/colorado-movies\\\/10-giorni-senza-mamma\\\/#breadcrumb\",\"itemListElement\":[{\"@type\":\"ListItem\",\"position\":1,\"name\":\"Home\",\"item\":\"https:\\\/\\\/www.rbw.it\\\/it\\\/\"},{\"@type\":\"ListItem\",\"position\":2,\"name\":\"Produzioni\",\"item\":\"https:\\\/\\\/www.rbw.it\\\/it\\\/produzioni\\\/\"},{\"@type\":\"ListItem\",\"position\":3,\"name\":\"Colorado Movies\",\"item\":\"https:\\\/\\\/www.rbw.it\\\/it\\\/produzioni\\\/colorado-movies\\\/\"},{\"@type\":\"ListItem\",\"position\":4,\"name\":\"10 Giorni Senza Mamma\"}]},{\"@type\":\"WebSite\",\"@id\":\"https:\\\/\\\/www.rbw.it\\\/it\\\/#website\",\"url\":\"https:\\\/\\\/www.rbw.it\\\/it\\\/\",\"name\":\"Rainbow SpA\",\"description\":\"Beyond magic\",\"publisher\":{\"@id\":\"https:\\\/\\\/www.rbw.it\\\/it\\\/#organization\"},\"potentialAction\":[{\"@type\":\"SearchAction\",\"target\":{\"@type\":\"EntryPoint\",\"urlTemplate\":\"https:\\\/\\\/www.rbw.it\\\/it\\\/?s={search_term_string}\"},\"query-input\":{\"@type\":\"PropertyValueSpecification\",\"valueRequired\":true,\"valueName\":\"search_term_string\"}}],\"inLanguage\":\"it-IT\"},{\"@type\":\"Organization\",\"@id\":\"https:\\\/\\\/www.rbw.it\\\/it\\\/#organization\",\"name\":\"Rainbow SpA\",\"url\":\"https:\\\/\\\/www.rbw.it\\\/it\\\/\",\"logo\":{\"@type\":\"ImageObject\",\"inLanguage\":\"it-IT\",\"@id\":\"https:\\\/\\\/www.rbw.it\\\/it\\\/#\\\/schema\\\/logo\\\/image\\\/\",\"url\":\"https:\\\/\\\/www.rbw.it\\\/it\\\/wp-content\\\/uploads\\\/sites\\\/6\\\/2016\\\/10\\\/logo.png\",\"contentUrl\":\"https:\\\/\\\/www.rbw.it\\\/it\\\/wp-content\\\/uploads\\\/sites\\\/6\\\/2016\\\/10\\\/logo.png\",\"width\":113,\"height\":90,\"caption\":\"Rainbow SpA\"},\"image\":{\"@id\":\"https:\\\/\\\/www.rbw.it\\\/it\\\/#\\\/schema\\\/logo\\\/image\\\/\"},\"sameAs\":[\"https:\\\/\\\/www.facebook.com\\\/RainbowGroupOfficial\\\/\",\"https:\\\/\\\/www.instagram.com\\\/rainbowgroupofficial_\\\/\",\"https:\\\/\\\/www.linkedin.com\\\/company\\\/rainbowgroupofficial\\\/\",\"https:\\\/\\\/www.youtube.com\\\/channel\\\/UCOQ7INK1R7ySyytS_3fYl4A\"]}]}<\/script>\n<!-- \/ Yoast SEO plugin. -->","yoast_head_json":{"title":"10 Giorni Senza Mamma - Rainbow SpA","robots":{"index":"index","follow":"follow","max-snippet":"max-snippet:-1","max-image-preview":"max-image-preview:large","max-video-preview":"max-video-preview:-1"},"canonical":"https:\/\/www.rbw.it\/it\/produzioni\/colorado-movies\/10-giorni-senza-mamma\/","og_locale":"it_IT","og_type":"article","og_title":"10 Giorni Senza Mamma - Rainbow SpA","og_description":"Cosa succede se una mamma sempre presente decide di partire per dieci giorni lasciando i tre figli con un pap\u00e0 fino ad allora praticamente assente? Una sequela di disastrosi ed esilaranti eventi che travolgeranno Carlo (Fabio De Luigi) obbligato a fare il &#8220;mammo&#8221; a tempo pieno.Carlo e Giulia (Valentina Lodovini) hanno tre figli: lui \u00e8 [...]Leggi di pi\u00f9... from 10 Giorni Senza Mamma","og_url":"https:\/\/www.rbw.it\/it\/produzioni\/colorado-movies\/10-giorni-senza-mamma\/","og_site_name":"Rainbow SpA","article_publisher":"https:\/\/www.facebook.com\/RainbowGroupOfficial\/","article_modified_time":"2020-08-07T14:00:48+00:00","twitter_card":"summary_large_image","twitter_misc":{"Tempo di lettura stimato":"1 minuto"},"schema":{"@context":"https:\/\/schema.org","@graph":[{"@type":"WebPage","@id":"https:\/\/www.rbw.it\/it\/produzioni\/colorado-movies\/10-giorni-senza-mamma\/","url":"https:\/\/www.rbw.it\/it\/produzioni\/colorado-movies\/10-giorni-senza-mamma\/","name":"10 Giorni Senza Mamma - Rainbow SpA","isPartOf":{"@id":"https:\/\/www.rbw.it\/it\/#website"},"datePublished":"2020-08-06T13:40:06+00:00","dateModified":"2020-08-07T14:00:48+00:00","breadcrumb":{"@id":"https:\/\/www.rbw.it\/it\/produzioni\/colorado-movies\/10-giorni-senza-mamma\/#breadcrumb"},"inLanguage":"it-IT","potentialAction":[{"@type":"ReadAction","target":["https:\/\/www.rbw.it\/it\/produzioni\/colorado-movies\/10-giorni-senza-mamma\/"]}]},{"@type":"BreadcrumbList","@id":"https:\/\/www.rbw.it\/it\/produzioni\/colorado-movies\/10-giorni-senza-mamma\/#breadcrumb","itemListElement":[{"@type":"ListItem","position":1,"name":"Home","item":"https:\/\/www.rbw.it\/it\/"},{"@type":"ListItem","position":2,"name":"Produzioni","item":"https:\/\/www.rbw.it\/it\/produzioni\/"},{"@type":"ListItem","position":3,"name":"Colorado Movies","item":"https:\/\/www.rbw.it\/it\/produzioni\/colorado-movies\/"},{"@type":"ListItem","position":4,"name":"10 Giorni Senza Mamma"}]},{"@type":"WebSite","@id":"https:\/\/www.rbw.it\/it\/#website","url":"https:\/\/www.rbw.it\/it\/","name":"Rainbow SpA","description":"Beyond magic","publisher":{"@id":"https:\/\/www.rbw.it\/it\/#organization"},"potentialAction":[{"@type":"SearchAction","target":{"@type":"EntryPoint","urlTemplate":"https:\/\/www.rbw.it\/it\/?s={search_term_string}"},"query-input":{"@type":"PropertyValueSpecification","valueRequired":true,"valueName":"search_term_string"}}],"inLanguage":"it-IT"},{"@type":"Organization","@id":"https:\/\/www.rbw.it\/it\/#organization","name":"Rainbow SpA","url":"https:\/\/www.rbw.it\/it\/","logo":{"@type":"ImageObject","inLanguage":"it-IT","@id":"https:\/\/www.rbw.it\/it\/#\/schema\/logo\/image\/","url":"https:\/\/www.rbw.it\/it\/wp-content\/uploads\/sites\/6\/2016\/10\/logo.png","contentUrl":"https:\/\/www.rbw.it\/it\/wp-content\/uploads\/sites\/6\/2016\/10\/logo.png","width":113,"height":90,"caption":"Rainbow SpA"},"image":{"@id":"https:\/\/www.rbw.it\/it\/#\/schema\/logo\/image\/"},"sameAs":["https:\/\/www.facebook.com\/RainbowGroupOfficial\/","https:\/\/www.instagram.com\/rainbowgroupofficial_\/","https:\/\/www.linkedin.com\/company\/rainbowgroupofficial\/","https:\/\/www.youtube.com\/channel\/UCOQ7INK1R7ySyytS_3fYl4A"]}]}},"_links":{"self":[{"href":"https:\/\/www.rbw.it\/it\/wp-json\/wp\/v2\/pages\/1011","targetHints":{"allow":["GET"]}}],"collection":[{"href":"https:\/\/www.rbw.it\/it\/wp-json\/wp\/v2\/pages"}],"about":[{"href":"https:\/\/www.rbw.it\/it\/wp-json\/wp\/v2\/types\/page"}],"author":[{"embeddable":true,"href":"https:\/\/www.rbw.it\/it\/wp-json\/wp\/v2\/users\/3"}],"replies":[{"embeddable":true,"href":"https:\/\/www.rbw.it\/it\/wp-json\/wp\/v2\/comments?post=1011"}],"version-history":[{"count":7,"href":"https:\/\/www.rbw.it\/it\/wp-json\/wp\/v2\/pages\/1011\/revisions"}],"predecessor-version":[{"id":1394,"href":"https:\/\/www.rbw.it\/it\/wp-json\/wp\/v2\/pages\/1011\/revisions\/1394"}],"up":[{"embeddable":true,"href":"https:\/\/www.rbw.it\/it\/wp-json\/wp\/v2\/pages\/528"}],"wp:attachment":[{"href":"https:\/\/www.rbw.it\/it\/wp-json\/wp\/v2\/media?parent=1011"}],"wp:term":[{"taxonomy":"category","embeddable":true,"href":"https:\/\/www.rbw.it\/it\/wp-json\/wp\/v2\/categories?post=1011"},{"taxonomy":"post_tag","embeddable":true,"href":"https:\/\/www.rbw.it\/it\/wp-json\/wp\/v2\/tags?post=1011"}],"curies":[{"name":"wp","href":"https:\/\/api.w.org\/{rel}","templated":true}]}}