{"id":1656,"date":"2021-05-28T17:11:21","date_gmt":"2021-05-28T15:11:21","guid":{"rendered":"https:\/\/www.rbw.it\/it\/?page_id=1656"},"modified":"2021-05-28T17:24:04","modified_gmt":"2021-05-28T15:24:04","slug":"attivita","status":"publish","type":"page","link":"https:\/\/www.rbw.it\/it\/attivita\/","title":{"rendered":"Attivit\u00e0"},"content":{"rendered":"\n<p>Rainbow studia, gestisce e coordina l\u2019implementazione delle strategie marketing e licensing di tutti i marchi del gruppo a livello globale.<\/p>\n<p>Concentrandosi su brand awareness e innovazione, Rainbow fa emergere il potenziale dei suoi marchi per trasformarli in successi.<\/p>\n<p>Ci\u00f2 che rende Rainbow una realt\u00e0 unica \u00e8 la sinergia fra creativit\u00e0, know-how e management strategico, mix essenziale per garantire i migliori risultati.<\/p>\n","protected":false},"excerpt":{"rendered":"<p>Rainbow studia, gestisce e coordina l\u2019implementazione delle strategie marketing e licensing di tutti i marchi del gruppo a livello globale. Concentrandosi su brand awareness e innovazione, Rainbow fa emergere il potenziale dei suoi marchi per trasformarli in successi. Ci\u00f2 che rende Rainbow una realt\u00e0 unica \u00e8 la sinergia fra creativit\u00e0, know-how e management strategico, mix [&#8230;]<\/p>\n<p><a class=\"btn btn-secondary understrap-read-more-link\" href=\"https:\/\/www.rbw.it\/it\/attivita\/\">Leggi di pi\u00f9&#8230;<span class=\"screen-reader-text\"> from Attivit\u00e0<\/span><\/a><\/p>\n","protected":false},"author":3,"featured_media":0,"parent":0,"menu_order":5,"comment_status":"closed","ping_status":"closed","template":"page-templates\/pag_redirect_figlio.php","meta":{"_acf_changed":false,"footnotes":""},"categories":[],"tags":[],"class_list":["post-1656","page","type-page","status-publish","hentry"],"acf":[],"yoast_head":"<!-- This site is optimized with the Yoast SEO plugin v27.2 - https:\/\/yoast.com\/product\/yoast-seo-wordpress\/ -->\n<title>Attivit\u00e0 - Rainbow SpA<\/title>\n<meta name=\"robots\" content=\"index, follow, max-snippet:-1, max-image-preview:large, max-video-preview:-1\" \/>\n<link rel=\"canonical\" href=\"https:\/\/www.rbw.it\/it\/marketing-licensing__trashed\/attivita\/\" \/>\n<meta property=\"og:locale\" content=\"it_IT\" \/>\n<meta property=\"og:type\" content=\"article\" \/>\n<meta property=\"og:title\" content=\"Attivit\u00e0 - Rainbow SpA\" \/>\n<meta property=\"og:description\" content=\"Rainbow studia, gestisce e coordina l\u2019implementazione delle strategie marketing e licensing di tutti i marchi del gruppo a livello globale. Concentrandosi su brand awareness e innovazione, Rainbow fa emergere il potenziale dei suoi marchi per trasformarli in successi. Ci\u00f2 che rende Rainbow una realt\u00e0 unica \u00e8 la sinergia fra creativit\u00e0, know-how e management strategico, mix [...]Leggi di pi\u00f9... from Attivit\u00e0\" \/>\n<meta property=\"og:url\" content=\"https:\/\/www.rbw.it\/it\/marketing-licensing__trashed\/attivita\/\" \/>\n<meta property=\"og:site_name\" content=\"Rainbow SpA\" \/>\n<meta property=\"article:publisher\" content=\"https:\/\/www.facebook.com\/RainbowGroupOfficial\/\" \/>\n<meta property=\"article:modified_time\" content=\"2021-05-28T15:24:04+00:00\" \/>\n<meta name=\"twitter:card\" content=\"summary_large_image\" \/>\n<meta name=\"twitter:label1\" content=\"Tempo di lettura stimato\" \/>\n\t<meta name=\"twitter:data1\" content=\"1 minuto\" \/>\n<script type=\"application\/ld+json\" class=\"yoast-schema-graph\">{\"@context\":\"https:\/\/schema.org\",\"@graph\":[{\"@type\":\"WebPage\",\"@id\":\"https:\/\/www.rbw.it\/it\/marketing-licensing__trashed\/attivita\/\",\"url\":\"https:\/\/www.rbw.it\/it\/marketing-licensing__trashed\/attivita\/\",\"name\":\"Attivit\u00e0 - Rainbow SpA\",\"isPartOf\":{\"@id\":\"https:\/\/www.rbw.it\/it\/#website\"},\"datePublished\":\"2021-05-28T15:11:21+00:00\",\"dateModified\":\"2021-05-28T15:24:04+00:00\",\"breadcrumb\":{\"@id\":\"https:\/\/www.rbw.it\/it\/marketing-licensing__trashed\/attivita\/#breadcrumb\"},\"inLanguage\":\"it-IT\",\"potentialAction\":[{\"@type\":\"ReadAction\",\"target\":[\"https:\/\/www.rbw.it\/it\/marketing-licensing__trashed\/attivita\/\"]}]},{\"@type\":\"BreadcrumbList\",\"@id\":\"https:\/\/www.rbw.it\/it\/marketing-licensing__trashed\/attivita\/#breadcrumb\",\"itemListElement\":[{\"@type\":\"ListItem\",\"position\":1,\"name\":\"Home\",\"item\":\"https:\/\/www.rbw.it\/it\/\"},{\"@type\":\"ListItem\",\"position\":2,\"name\":\"Attivit\u00e0\"}]},{\"@type\":\"WebSite\",\"@id\":\"https:\/\/www.rbw.it\/it\/#website\",\"url\":\"https:\/\/www.rbw.it\/it\/\",\"name\":\"Rainbow SpA\",\"description\":\"Beyond magic\",\"publisher\":{\"@id\":\"https:\/\/www.rbw.it\/it\/#organization\"},\"potentialAction\":[{\"@type\":\"SearchAction\",\"target\":{\"@type\":\"EntryPoint\",\"urlTemplate\":\"https:\/\/www.rbw.it\/it\/?s={search_term_string}\"},\"query-input\":{\"@type\":\"PropertyValueSpecification\",\"valueRequired\":true,\"valueName\":\"search_term_string\"}}],\"inLanguage\":\"it-IT\"},{\"@type\":\"Organization\",\"@id\":\"https:\/\/www.rbw.it\/it\/#organization\",\"name\":\"Rainbow SpA\",\"url\":\"https:\/\/www.rbw.it\/it\/\",\"logo\":{\"@type\":\"ImageObject\",\"inLanguage\":\"it-IT\",\"@id\":\"https:\/\/www.rbw.it\/it\/#\/schema\/logo\/image\/\",\"url\":\"https:\/\/www.rbw.it\/it\/wp-content\/uploads\/sites\/6\/2016\/10\/logo.png\",\"contentUrl\":\"https:\/\/www.rbw.it\/it\/wp-content\/uploads\/sites\/6\/2016\/10\/logo.png\",\"width\":113,\"height\":90,\"caption\":\"Rainbow SpA\"},\"image\":{\"@id\":\"https:\/\/www.rbw.it\/it\/#\/schema\/logo\/image\/\"},\"sameAs\":[\"https:\/\/www.facebook.com\/RainbowGroupOfficial\/\",\"https:\/\/www.instagram.com\/rainbowgroupofficial_\/\",\"https:\/\/www.linkedin.com\/company\/rainbowgroupofficial\/\",\"https:\/\/www.youtube.com\/channel\/UCOQ7INK1R7ySyytS_3fYl4A\"]}]}<\/script>\n<!-- \/ Yoast SEO plugin. -->","yoast_head_json":{"title":"Attivit\u00e0 - Rainbow SpA","robots":{"index":"index","follow":"follow","max-snippet":"max-snippet:-1","max-image-preview":"max-image-preview:large","max-video-preview":"max-video-preview:-1"},"canonical":"https:\/\/www.rbw.it\/it\/marketing-licensing__trashed\/attivita\/","og_locale":"it_IT","og_type":"article","og_title":"Attivit\u00e0 - Rainbow SpA","og_description":"Rainbow studia, gestisce e coordina l\u2019implementazione delle strategie marketing e licensing di tutti i marchi del gruppo a livello globale. Concentrandosi su brand awareness e innovazione, Rainbow fa emergere il potenziale dei suoi marchi per trasformarli in successi. Ci\u00f2 che rende Rainbow una realt\u00e0 unica \u00e8 la sinergia fra creativit\u00e0, know-how e management strategico, mix [...]Leggi di pi\u00f9... from Attivit\u00e0","og_url":"https:\/\/www.rbw.it\/it\/marketing-licensing__trashed\/attivita\/","og_site_name":"Rainbow SpA","article_publisher":"https:\/\/www.facebook.com\/RainbowGroupOfficial\/","article_modified_time":"2021-05-28T15:24:04+00:00","twitter_card":"summary_large_image","twitter_misc":{"Tempo di lettura stimato":"1 minuto"},"schema":{"@context":"https:\/\/schema.org","@graph":[{"@type":"WebPage","@id":"https:\/\/www.rbw.it\/it\/marketing-licensing__trashed\/attivita\/","url":"https:\/\/www.rbw.it\/it\/marketing-licensing__trashed\/attivita\/","name":"Attivit\u00e0 - Rainbow SpA","isPartOf":{"@id":"https:\/\/www.rbw.it\/it\/#website"},"datePublished":"2021-05-28T15:11:21+00:00","dateModified":"2021-05-28T15:24:04+00:00","breadcrumb":{"@id":"https:\/\/www.rbw.it\/it\/marketing-licensing__trashed\/attivita\/#breadcrumb"},"inLanguage":"it-IT","potentialAction":[{"@type":"ReadAction","target":["https:\/\/www.rbw.it\/it\/marketing-licensing__trashed\/attivita\/"]}]},{"@type":"BreadcrumbList","@id":"https:\/\/www.rbw.it\/it\/marketing-licensing__trashed\/attivita\/#breadcrumb","itemListElement":[{"@type":"ListItem","position":1,"name":"Home","item":"https:\/\/www.rbw.it\/it\/"},{"@type":"ListItem","position":2,"name":"Attivit\u00e0"}]},{"@type":"WebSite","@id":"https:\/\/www.rbw.it\/it\/#website","url":"https:\/\/www.rbw.it\/it\/","name":"Rainbow SpA","description":"Beyond magic","publisher":{"@id":"https:\/\/www.rbw.it\/it\/#organization"},"potentialAction":[{"@type":"SearchAction","target":{"@type":"EntryPoint","urlTemplate":"https:\/\/www.rbw.it\/it\/?s={search_term_string}"},"query-input":{"@type":"PropertyValueSpecification","valueRequired":true,"valueName":"search_term_string"}}],"inLanguage":"it-IT"},{"@type":"Organization","@id":"https:\/\/www.rbw.it\/it\/#organization","name":"Rainbow SpA","url":"https:\/\/www.rbw.it\/it\/","logo":{"@type":"ImageObject","inLanguage":"it-IT","@id":"https:\/\/www.rbw.it\/it\/#\/schema\/logo\/image\/","url":"https:\/\/www.rbw.it\/it\/wp-content\/uploads\/sites\/6\/2016\/10\/logo.png","contentUrl":"https:\/\/www.rbw.it\/it\/wp-content\/uploads\/sites\/6\/2016\/10\/logo.png","width":113,"height":90,"caption":"Rainbow SpA"},"image":{"@id":"https:\/\/www.rbw.it\/it\/#\/schema\/logo\/image\/"},"sameAs":["https:\/\/www.facebook.com\/RainbowGroupOfficial\/","https:\/\/www.instagram.com\/rainbowgroupofficial_\/","https:\/\/www.linkedin.com\/company\/rainbowgroupofficial\/","https:\/\/www.youtube.com\/channel\/UCOQ7INK1R7ySyytS_3fYl4A"]}]}},"_links":{"self":[{"href":"https:\/\/www.rbw.it\/it\/wp-json\/wp\/v2\/pages\/1656","targetHints":{"allow":["GET"]}}],"collection":[{"href":"https:\/\/www.rbw.it\/it\/wp-json\/wp\/v2\/pages"}],"about":[{"href":"https:\/\/www.rbw.it\/it\/wp-json\/wp\/v2\/types\/page"}],"author":[{"embeddable":true,"href":"https:\/\/www.rbw.it\/it\/wp-json\/wp\/v2\/users\/3"}],"replies":[{"embeddable":true,"href":"https:\/\/www.rbw.it\/it\/wp-json\/wp\/v2\/comments?post=1656"}],"version-history":[{"count":2,"href":"https:\/\/www.rbw.it\/it\/wp-json\/wp\/v2\/pages\/1656\/revisions"}],"predecessor-version":[{"id":1668,"href":"https:\/\/www.rbw.it\/it\/wp-json\/wp\/v2\/pages\/1656\/revisions\/1668"}],"wp:attachment":[{"href":"https:\/\/www.rbw.it\/it\/wp-json\/wp\/v2\/media?parent=1656"}],"wp:term":[{"taxonomy":"category","embeddable":true,"href":"https:\/\/www.rbw.it\/it\/wp-json\/wp\/v2\/categories?post=1656"},{"taxonomy":"post_tag","embeddable":true,"href":"https:\/\/www.rbw.it\/it\/wp-json\/wp\/v2\/tags?post=1656"}],"curies":[{"name":"wp","href":"https:\/\/api.w.org\/{rel}","templated":true}]}}