{"id":19,"date":"2016-10-04T13:11:44","date_gmt":"2016-10-04T11:11:44","guid":{"rendered":"http:\/\/www.rbw.it\/it\/?page_id=19"},"modified":"2024-02-14T18:42:45","modified_gmt":"2024-02-14T16:42:45","slug":"modello-organizzativo-e-codice-etico","status":"publish","type":"page","link":"https:\/\/www.rbw.it\/it\/note-legali\/modello-organizzativo-e-codice-etico\/","title":{"rendered":"Modello Organizzativo e Codice Etico"},"content":{"rendered":"<h2><strong>Modello Organizzativo e Codice Etico<\/strong><\/h2>\n<p>La RAINBOW da sempre persegue quella filosofia aziendale basata sui valori di impresa, nella gestione delle attivit\u00e0 aziendali sulla base dei valori di efficienza, correttezza e lealt\u00e0, in ogni processo del lavoro quotidiano.<br \/>\nLa RAINBOW si \u00e8 dotata del Modello di organizzazione e di gestione ex D.lgs. n. 231\/2001, che ha introdotto un regime di responsabilit\u00e0 amministrativa\/penale, a carico delle societ\u00e0 per alcune tipologie di reati previste dallo stesso D.lgs. 231\/01, adeguando e integrando cos\u00ec il proprio sistema di organizzazione alle prescrizioni di tale normativa.<br \/>\nIl Modello adottato si compone di una serie di elementi: valutazione delle attivit\u00e0 potenzialmente a rischio; principi, norme e regole di condotta; strumenti di controllo; procedure e protocolli di controllo; attivit\u00e0 di formazione e informazione; sistema disciplinare; Organismo di Vigilanza e flussi informativi. Il Modello ha lo scopo principale di assicurare la prevenzione della commissione dei reati previsti dal decreto stesso.<br \/>\nIl Modello di Organizzazione, Gestione e Controllo ex D.lgs. 231\/01 \u00e8 stato definitivamente approvato dal Consiglio di Amministrazione della RAINBOW con delibera in data 31 Marzo 2011.<br \/>\nI principi, le disposizioni e le prescrizioni previste dal Modello adottato da RAINBOW sono vincolanti per gli amministratori, per i dipendenti, per tutti i soggetti che a vario titolo operano per conto e nell\u2019interesse della RAINBOW.<br \/>\nLa RAINBOW si \u00e8 anche dotata di un Codice Etico che definisce l&#8217;insieme dei valori che la societ\u00e0 riconosce, accetta e condivide, a tutti i livelli, nello svolgimento dell&#8217;attivit\u00e0 d&#8217;impresa. I principi e le disposizioni del Codice Etico costituiscono specificazioni esemplificative degli obblighi generali di diligenza, correttezza e lealt\u00e0 che qualificano l&#8217;adempimento delle prestazioni lavorative, il comportamento nell&#8217;ambiente di lavoro e le attivit\u00e0 della stessa societ\u00e0. Anche il Codice Etico di RAINBOW \u00e8 stato adottato dal Consiglio di Amministrazione della societ\u00e0 in data 31 Marzo 2011.<br \/>\nIn ottemperanza all&#8217;art. 6, comma 1, lett. b), del D.lgs. 231\/2001, inoltre, con la stessa delibera del Consigli di Amministrazione del 31 Marzo 2011, la RAINBOW ha istituito e nominato il proprio Organismo di Vigilanza, dotato di autonomi poteri di iniziativa e controllo, che ha il compito di vigilare sul funzionamento e l&#8217;osservanza del Modello, curandone l&#8217;aggiornamento.<\/p>\n<p><a href=\"https:\/\/www.rbw.it\/it\/wp-content\/uploads\/sites\/6\/2024\/02\/Parte-generale_Rainbow.pdf\">Scarica il Decreto Legislativo Modello 231\/01<\/a><\/p>\n<p><a href=\"https:\/\/www.rbw.it\/it\/wp-content\/uploads\/sites\/6\/2024\/02\/Codice-Etico_Rainbow.pdf\">Scarica il Codice Etico<\/a><\/p>\n<hr \/>\n<h2><\/h2>\n<h2><strong>Procedura Whistleblowing<\/strong><\/h2>\n<p>Nel perseguimento dei propri obiettivi di business, il Gruppo Rainbow \u00e8 impegnato nel contrasto alle condotte illecite sia attraverso la diffusione e la promozione di valori e principi etici sia mediante l\u2019effettiva attuazione di regole di condotta e processi di controllo, in linea con i requisiti fissati dalle normative applicabili e con le migliori pratiche internazionali.<\/p>\n<p>In adempimento alle previsioni normative in materia di whistleblowing, il Gruppo Rainbow ha istituito un canale sicuro, attivato dai siti internet riconducibili alla stessa, attraverso il quale \u00e8 possibile segnalare le violazioni, compresi i fondati sospetti, di normative nazionali e dell\u2019Unione europea che riguardino la Societ\u00e0.<\/p>\n<p>In proposito, il Canale di Segnalazione Interna \u00e8 stato individuato nella Piattaforma Whistleblowing e il Responsabile delle Segnalazioni \u00e8 stato individuato nell\u2019Organismo di Vigilanza di Rainbow S.p.A..<\/p>\n<p>Rainbow incoraggia, pertanto, chiunque venga a conoscenza di violazioni (comportamenti, atti od omissioni) di legge o di protocolli interni aziendali che siano, anche potenzialmente, lesive dell\u2019interesse pubblico ovvero dell\u2019integrit\u00e0 del Gruppo, ad effettuare una segnalazione tramite la Piattaforma Whistleblowing.<\/p>\n<p>La Piattaforma Whistleblowing \u00e8 uno strumento informatico che, anche tramite un sistema di crittografia, garantisce la riservatezza dell\u2019identit\u00e0 del segnalante, della persona coinvolta e della persona comunque menzionata nella segnalazione, nonch\u00e9 del contenuto della segnalazione e della relativa documentazione, consentendo all\u2019ufficio competente di comunicare con il segnalante fornendogli un avviso di ricevimento della segnalazione ed un riscontro sul seguito che viene dato o che si intende dare alla stessa. Le segnalazioni possono essere effettuate tramite la Piattaforma Whistleblowing, sia in forma scritta sia in forma orale. Per quest\u2019ultima, la persona segnalante pu\u00f2, in alternativa, allegare un file audio ovvero richiedere un incontro diretto fissato con l\u2019ufficio competente.<\/p>\n<p>Per effettuare una segnalazione si prega di accedere alla pagina <a href=\"https:\/\/whistleblowersoftware.com\/secure\/rainbowspa\" target=\"_blank\" rel=\"noopener\">Whistleblowing<\/a><br \/>\nove sono disponibili ulteriori e pi\u00f9 approfondite informazioni su come effettuare la segnalazione e sulla sua gestione.<br \/>\nL\u2019informativa sul trattamento dei dati personali trattati nell\u2019ambito delle segnalazioni \u00e8 disponibile alla pagina <a href=\"https:\/\/whistleblowersoftware.com\/secure\/rainbowspa\/9aa2d634-4601-422c-96ff-84830d923fb8\" target=\"_blank\" rel=\"noopener\">Informativa Privacy<\/a>.<\/p>\n<p><a href=\"https:\/\/www.rbw.it\/it\/wp-content\/uploads\/sites\/6\/2023\/12\/Policy-Whistleblowing.pdf\" target=\"_blank\" rel=\"noopener\">Scarica Procedura Whistleblowing<\/a><\/p>\n","protected":false},"excerpt":{"rendered":"<p>Modello Organizzativo e Codice Etico La RAINBOW da sempre persegue quella filosofia aziendale basata sui valori di impresa, nella gestione delle attivit\u00e0 aziendali sulla base dei valori di efficienza, correttezza e lealt\u00e0, in ogni processo del lavoro quotidiano. La RAINBOW si \u00e8 dotata del Modello di organizzazione e di gestione ex D.lgs. n. 231\/2001, che [&#8230;]<\/p>\n<p><a class=\"btn btn-secondary understrap-read-more-link\" href=\"https:\/\/www.rbw.it\/it\/note-legali\/modello-organizzativo-e-codice-etico\/\">Leggi di pi\u00f9&#8230;<span class=\"screen-reader-text\"> from Modello Organizzativo e Codice Etico<\/span><\/a><\/p>\n","protected":false},"author":3,"featured_media":0,"parent":787,"menu_order":7,"comment_status":"closed","ping_status":"closed","template":"page-templates\/pag_base.php","meta":{"_acf_changed":false,"footnotes":""},"categories":[],"tags":[36],"class_list":["post-19","page","type-page","status-publish","hentry","tag-system-modelcodeethics"],"acf":[],"yoast_head":"<!-- This site is optimized with the Yoast SEO plugin v27.4 - https:\/\/yoast.com\/product\/yoast-seo-wordpress\/ -->\n<title>Modello Organizzativo e Codice Etico - Rainbow SpA<\/title>\n<meta name=\"robots\" content=\"index, follow, max-snippet:-1, max-image-preview:large, max-video-preview:-1\" \/>\n<link rel=\"canonical\" href=\"https:\/\/www.rbw.it\/it\/note-legali\/modello-organizzativo-e-codice-etico\/\" \/>\n<meta property=\"og:locale\" content=\"it_IT\" \/>\n<meta property=\"og:type\" content=\"article\" \/>\n<meta property=\"og:title\" content=\"Modello Organizzativo e Codice Etico - Rainbow SpA\" \/>\n<meta property=\"og:description\" content=\"Modello Organizzativo e Codice Etico La RAINBOW da sempre persegue quella filosofia aziendale basata sui valori di impresa, nella gestione delle attivit\u00e0 aziendali sulla base dei valori di efficienza, correttezza e lealt\u00e0, in ogni processo del lavoro quotidiano. La RAINBOW si \u00e8 dotata del Modello di organizzazione e di gestione ex D.lgs. n. 231\/2001, che [...]Leggi di pi\u00f9... from Modello Organizzativo e Codice Etico\" \/>\n<meta property=\"og:url\" content=\"https:\/\/www.rbw.it\/it\/note-legali\/modello-organizzativo-e-codice-etico\/\" \/>\n<meta property=\"og:site_name\" content=\"Rainbow SpA\" \/>\n<meta property=\"article:publisher\" content=\"https:\/\/www.facebook.com\/RainbowGroupOfficial\/\" \/>\n<meta property=\"article:modified_time\" content=\"2024-02-14T16:42:45+00:00\" \/>\n<meta name=\"twitter:card\" content=\"summary_large_image\" \/>\n<meta name=\"twitter:label1\" content=\"Tempo di lettura stimato\" \/>\n\t<meta name=\"twitter:data1\" content=\"4 minuti\" \/>\n<script type=\"application\/ld+json\" class=\"yoast-schema-graph\">{\"@context\":\"https:\\\/\\\/schema.org\",\"@graph\":[{\"@type\":\"WebPage\",\"@id\":\"https:\\\/\\\/www.rbw.it\\\/it\\\/note-legali\\\/modello-organizzativo-e-codice-etico\\\/\",\"url\":\"https:\\\/\\\/www.rbw.it\\\/it\\\/note-legali\\\/modello-organizzativo-e-codice-etico\\\/\",\"name\":\"Modello Organizzativo e Codice Etico - Rainbow SpA\",\"isPartOf\":{\"@id\":\"https:\\\/\\\/www.rbw.it\\\/it\\\/#website\"},\"datePublished\":\"2016-10-04T11:11:44+00:00\",\"dateModified\":\"2024-02-14T16:42:45+00:00\",\"breadcrumb\":{\"@id\":\"https:\\\/\\\/www.rbw.it\\\/it\\\/note-legali\\\/modello-organizzativo-e-codice-etico\\\/#breadcrumb\"},\"inLanguage\":\"it-IT\",\"potentialAction\":[{\"@type\":\"ReadAction\",\"target\":[\"https:\\\/\\\/www.rbw.it\\\/it\\\/note-legali\\\/modello-organizzativo-e-codice-etico\\\/\"]}]},{\"@type\":\"BreadcrumbList\",\"@id\":\"https:\\\/\\\/www.rbw.it\\\/it\\\/note-legali\\\/modello-organizzativo-e-codice-etico\\\/#breadcrumb\",\"itemListElement\":[{\"@type\":\"ListItem\",\"position\":1,\"name\":\"Home\",\"item\":\"https:\\\/\\\/www.rbw.it\\\/it\\\/\"},{\"@type\":\"ListItem\",\"position\":2,\"name\":\"Note Legali\",\"item\":\"https:\\\/\\\/www.rbw.it\\\/it\\\/note-legali\\\/\"},{\"@type\":\"ListItem\",\"position\":3,\"name\":\"Modello Organizzativo e Codice Etico\"}]},{\"@type\":\"WebSite\",\"@id\":\"https:\\\/\\\/www.rbw.it\\\/it\\\/#website\",\"url\":\"https:\\\/\\\/www.rbw.it\\\/it\\\/\",\"name\":\"Rainbow SpA\",\"description\":\"Beyond magic\",\"publisher\":{\"@id\":\"https:\\\/\\\/www.rbw.it\\\/it\\\/#organization\"},\"potentialAction\":[{\"@type\":\"SearchAction\",\"target\":{\"@type\":\"EntryPoint\",\"urlTemplate\":\"https:\\\/\\\/www.rbw.it\\\/it\\\/?s={search_term_string}\"},\"query-input\":{\"@type\":\"PropertyValueSpecification\",\"valueRequired\":true,\"valueName\":\"search_term_string\"}}],\"inLanguage\":\"it-IT\"},{\"@type\":\"Organization\",\"@id\":\"https:\\\/\\\/www.rbw.it\\\/it\\\/#organization\",\"name\":\"Rainbow SpA\",\"url\":\"https:\\\/\\\/www.rbw.it\\\/it\\\/\",\"logo\":{\"@type\":\"ImageObject\",\"inLanguage\":\"it-IT\",\"@id\":\"https:\\\/\\\/www.rbw.it\\\/it\\\/#\\\/schema\\\/logo\\\/image\\\/\",\"url\":\"https:\\\/\\\/www.rbw.it\\\/it\\\/wp-content\\\/uploads\\\/sites\\\/6\\\/2016\\\/10\\\/logo.png\",\"contentUrl\":\"https:\\\/\\\/www.rbw.it\\\/it\\\/wp-content\\\/uploads\\\/sites\\\/6\\\/2016\\\/10\\\/logo.png\",\"width\":113,\"height\":90,\"caption\":\"Rainbow SpA\"},\"image\":{\"@id\":\"https:\\\/\\\/www.rbw.it\\\/it\\\/#\\\/schema\\\/logo\\\/image\\\/\"},\"sameAs\":[\"https:\\\/\\\/www.facebook.com\\\/RainbowGroupOfficial\\\/\",\"https:\\\/\\\/www.instagram.com\\\/rainbowgroupofficial_\\\/\",\"https:\\\/\\\/www.linkedin.com\\\/company\\\/rainbowgroupofficial\\\/\",\"https:\\\/\\\/www.youtube.com\\\/channel\\\/UCOQ7INK1R7ySyytS_3fYl4A\"]}]}<\/script>\n<!-- \/ Yoast SEO plugin. -->","yoast_head_json":{"title":"Modello Organizzativo e Codice Etico - Rainbow SpA","robots":{"index":"index","follow":"follow","max-snippet":"max-snippet:-1","max-image-preview":"max-image-preview:large","max-video-preview":"max-video-preview:-1"},"canonical":"https:\/\/www.rbw.it\/it\/note-legali\/modello-organizzativo-e-codice-etico\/","og_locale":"it_IT","og_type":"article","og_title":"Modello Organizzativo e Codice Etico - Rainbow SpA","og_description":"Modello Organizzativo e Codice Etico La RAINBOW da sempre persegue quella filosofia aziendale basata sui valori di impresa, nella gestione delle attivit\u00e0 aziendali sulla base dei valori di efficienza, correttezza e lealt\u00e0, in ogni processo del lavoro quotidiano. La RAINBOW si \u00e8 dotata del Modello di organizzazione e di gestione ex D.lgs. n. 231\/2001, che [...]Leggi di pi\u00f9... from Modello Organizzativo e Codice Etico","og_url":"https:\/\/www.rbw.it\/it\/note-legali\/modello-organizzativo-e-codice-etico\/","og_site_name":"Rainbow SpA","article_publisher":"https:\/\/www.facebook.com\/RainbowGroupOfficial\/","article_modified_time":"2024-02-14T16:42:45+00:00","twitter_card":"summary_large_image","twitter_misc":{"Tempo di lettura stimato":"4 minuti"},"schema":{"@context":"https:\/\/schema.org","@graph":[{"@type":"WebPage","@id":"https:\/\/www.rbw.it\/it\/note-legali\/modello-organizzativo-e-codice-etico\/","url":"https:\/\/www.rbw.it\/it\/note-legali\/modello-organizzativo-e-codice-etico\/","name":"Modello Organizzativo e Codice Etico - Rainbow SpA","isPartOf":{"@id":"https:\/\/www.rbw.it\/it\/#website"},"datePublished":"2016-10-04T11:11:44+00:00","dateModified":"2024-02-14T16:42:45+00:00","breadcrumb":{"@id":"https:\/\/www.rbw.it\/it\/note-legali\/modello-organizzativo-e-codice-etico\/#breadcrumb"},"inLanguage":"it-IT","potentialAction":[{"@type":"ReadAction","target":["https:\/\/www.rbw.it\/it\/note-legali\/modello-organizzativo-e-codice-etico\/"]}]},{"@type":"BreadcrumbList","@id":"https:\/\/www.rbw.it\/it\/note-legali\/modello-organizzativo-e-codice-etico\/#breadcrumb","itemListElement":[{"@type":"ListItem","position":1,"name":"Home","item":"https:\/\/www.rbw.it\/it\/"},{"@type":"ListItem","position":2,"name":"Note Legali","item":"https:\/\/www.rbw.it\/it\/note-legali\/"},{"@type":"ListItem","position":3,"name":"Modello Organizzativo e Codice Etico"}]},{"@type":"WebSite","@id":"https:\/\/www.rbw.it\/it\/#website","url":"https:\/\/www.rbw.it\/it\/","name":"Rainbow SpA","description":"Beyond magic","publisher":{"@id":"https:\/\/www.rbw.it\/it\/#organization"},"potentialAction":[{"@type":"SearchAction","target":{"@type":"EntryPoint","urlTemplate":"https:\/\/www.rbw.it\/it\/?s={search_term_string}"},"query-input":{"@type":"PropertyValueSpecification","valueRequired":true,"valueName":"search_term_string"}}],"inLanguage":"it-IT"},{"@type":"Organization","@id":"https:\/\/www.rbw.it\/it\/#organization","name":"Rainbow SpA","url":"https:\/\/www.rbw.it\/it\/","logo":{"@type":"ImageObject","inLanguage":"it-IT","@id":"https:\/\/www.rbw.it\/it\/#\/schema\/logo\/image\/","url":"https:\/\/www.rbw.it\/it\/wp-content\/uploads\/sites\/6\/2016\/10\/logo.png","contentUrl":"https:\/\/www.rbw.it\/it\/wp-content\/uploads\/sites\/6\/2016\/10\/logo.png","width":113,"height":90,"caption":"Rainbow SpA"},"image":{"@id":"https:\/\/www.rbw.it\/it\/#\/schema\/logo\/image\/"},"sameAs":["https:\/\/www.facebook.com\/RainbowGroupOfficial\/","https:\/\/www.instagram.com\/rainbowgroupofficial_\/","https:\/\/www.linkedin.com\/company\/rainbowgroupofficial\/","https:\/\/www.youtube.com\/channel\/UCOQ7INK1R7ySyytS_3fYl4A"]}]}},"_links":{"self":[{"href":"https:\/\/www.rbw.it\/it\/wp-json\/wp\/v2\/pages\/19","targetHints":{"allow":["GET"]}}],"collection":[{"href":"https:\/\/www.rbw.it\/it\/wp-json\/wp\/v2\/pages"}],"about":[{"href":"https:\/\/www.rbw.it\/it\/wp-json\/wp\/v2\/types\/page"}],"author":[{"embeddable":true,"href":"https:\/\/www.rbw.it\/it\/wp-json\/wp\/v2\/users\/3"}],"replies":[{"embeddable":true,"href":"https:\/\/www.rbw.it\/it\/wp-json\/wp\/v2\/comments?post=19"}],"version-history":[{"count":32,"href":"https:\/\/www.rbw.it\/it\/wp-json\/wp\/v2\/pages\/19\/revisions"}],"predecessor-version":[{"id":2207,"href":"https:\/\/www.rbw.it\/it\/wp-json\/wp\/v2\/pages\/19\/revisions\/2207"}],"up":[{"embeddable":true,"href":"https:\/\/www.rbw.it\/it\/wp-json\/wp\/v2\/pages\/787"}],"wp:attachment":[{"href":"https:\/\/www.rbw.it\/it\/wp-json\/wp\/v2\/media?parent=19"}],"wp:term":[{"taxonomy":"category","embeddable":true,"href":"https:\/\/www.rbw.it\/it\/wp-json\/wp\/v2\/categories?post=19"},{"taxonomy":"post_tag","embeddable":true,"href":"https:\/\/www.rbw.it\/it\/wp-json\/wp\/v2\/tags?post=19"}],"curies":[{"name":"wp","href":"https:\/\/api.w.org\/{rel}","templated":true}]}}