{"id":2007,"date":"2023-03-15T13:13:34","date_gmt":"2023-03-15T11:13:34","guid":{"rendered":"https:\/\/www.rbw.it\/it\/?page_id=2007"},"modified":"2023-03-15T13:13:35","modified_gmt":"2023-03-15T11:13:35","slug":"me-contro-te-il-film-persi-nel-tempo","status":"publish","type":"page","link":"https:\/\/www.rbw.it\/it\/produzioni\/colorado-movies\/me-contro-te-il-film-persi-nel-tempo\/","title":{"rendered":"Me Contro Te, Il Film \u2013 Persi nel tempo"},"content":{"rendered":"\n<p>\u00c9 un giorno speciale per Lu\u00ec, che finalmente sta per ricevere il diploma da scienziato, e come sempre Sof\u00ec \u00e8 l\u00ec al suo fianco a sostenerlo e a dargli coraggio. All\u2019evento non pu\u00f2 poi di certo mancare Pongo, il loro amico di sempre. Ancora una volta per\u00f2, il Signor S e la fedele Perfidia, cercheranno di insidiare i Me Contro Te ma Sof\u00ec, con i suoi poteri di fata, e Lu\u00ec, con la migliore tecnologia degna di un vero scienziato, daranno del filo da torcere ai loro nemici. Qualcosa va storto per\u00f2 e la magia catapulter\u00e0 tutti in luoghi ed epoche lontane&#8230; persi nel tempo! In questo magico viaggio i Me Contro Te scopriranno di avere dei nuovi amici e conosceranno una nuova, agguerritissima nemica. Una fantastica ed emozionante avventura al cinema per Lu\u00ec e Sof\u00ec, piena di sorprese e con tanto divertimento per i loro piccoli fan e tutte le famiglie.<\/p>\n","protected":false},"excerpt":{"rendered":"<p>\u00c9 un giorno speciale per Lu\u00ec, che finalmente sta per ricevere il diploma da scienziato, e come sempre Sof\u00ec \u00e8 l\u00ec al suo fianco a sostenerlo e a dargli coraggio. All\u2019evento non pu\u00f2 poi di certo mancare Pongo, il loro amico di sempre. Ancora una volta per\u00f2, il Signor S e la fedele Perfidia, cercheranno [&#8230;]<\/p>\n<p><a class=\"btn btn-secondary understrap-read-more-link\" href=\"https:\/\/www.rbw.it\/it\/produzioni\/colorado-movies\/me-contro-te-il-film-persi-nel-tempo\/\">Leggi di pi\u00f9&#8230;<span class=\"screen-reader-text\"> from Me Contro Te, Il Film \u2013 Persi nel tempo<\/span><\/a><\/p>\n","protected":false},"author":3,"featured_media":0,"parent":528,"menu_order":0,"comment_status":"closed","ping_status":"closed","template":"page-templates\/pag_overlay.php","meta":{"_acf_changed":false,"footnotes":""},"categories":[],"tags":[],"class_list":["post-2007","page","type-page","status-publish","hentry"],"acf":[],"yoast_head":"<!-- This site is optimized with the Yoast SEO plugin v27.3 - https:\/\/yoast.com\/product\/yoast-seo-wordpress\/ -->\n<title>Me Contro Te, Il Film \u2013 Persi nel tempo - Rainbow SpA<\/title>\n<meta name=\"robots\" content=\"index, follow, max-snippet:-1, max-image-preview:large, max-video-preview:-1\" \/>\n<link rel=\"canonical\" href=\"https:\/\/www.rbw.it\/it\/produzioni\/colorado-movies\/me-contro-te-il-film-persi-nel-tempo\/\" \/>\n<meta property=\"og:locale\" content=\"it_IT\" \/>\n<meta property=\"og:type\" content=\"article\" \/>\n<meta property=\"og:title\" content=\"Me Contro Te, Il Film \u2013 Persi nel tempo - Rainbow SpA\" \/>\n<meta property=\"og:description\" content=\"\u00c9 un giorno speciale per Lu\u00ec, che finalmente sta per ricevere il diploma da scienziato, e come sempre Sof\u00ec \u00e8 l\u00ec al suo fianco a sostenerlo e a dargli coraggio. All\u2019evento non pu\u00f2 poi di certo mancare Pongo, il loro amico di sempre. Ancora una volta per\u00f2, il Signor S e la fedele Perfidia, cercheranno [...]Leggi di pi\u00f9... from Me Contro Te, Il Film \u2013 Persi nel tempo\" \/>\n<meta property=\"og:url\" content=\"https:\/\/www.rbw.it\/it\/produzioni\/colorado-movies\/me-contro-te-il-film-persi-nel-tempo\/\" \/>\n<meta property=\"og:site_name\" content=\"Rainbow SpA\" \/>\n<meta property=\"article:publisher\" content=\"https:\/\/www.facebook.com\/RainbowGroupOfficial\/\" \/>\n<meta property=\"article:modified_time\" content=\"2023-03-15T11:13:35+00:00\" \/>\n<meta name=\"twitter:card\" content=\"summary_large_image\" \/>\n<meta name=\"twitter:label1\" content=\"Tempo di lettura stimato\" \/>\n\t<meta name=\"twitter:data1\" content=\"1 minuto\" \/>\n<script type=\"application\/ld+json\" class=\"yoast-schema-graph\">{\"@context\":\"https:\\\/\\\/schema.org\",\"@graph\":[{\"@type\":\"WebPage\",\"@id\":\"https:\\\/\\\/www.rbw.it\\\/it\\\/produzioni\\\/colorado-movies\\\/me-contro-te-il-film-persi-nel-tempo\\\/\",\"url\":\"https:\\\/\\\/www.rbw.it\\\/it\\\/produzioni\\\/colorado-movies\\\/me-contro-te-il-film-persi-nel-tempo\\\/\",\"name\":\"Me Contro Te, Il Film \u2013 Persi nel tempo - Rainbow SpA\",\"isPartOf\":{\"@id\":\"https:\\\/\\\/www.rbw.it\\\/it\\\/#website\"},\"datePublished\":\"2023-03-15T11:13:34+00:00\",\"dateModified\":\"2023-03-15T11:13:35+00:00\",\"breadcrumb\":{\"@id\":\"https:\\\/\\\/www.rbw.it\\\/it\\\/produzioni\\\/colorado-movies\\\/me-contro-te-il-film-persi-nel-tempo\\\/#breadcrumb\"},\"inLanguage\":\"it-IT\",\"potentialAction\":[{\"@type\":\"ReadAction\",\"target\":[\"https:\\\/\\\/www.rbw.it\\\/it\\\/produzioni\\\/colorado-movies\\\/me-contro-te-il-film-persi-nel-tempo\\\/\"]}]},{\"@type\":\"BreadcrumbList\",\"@id\":\"https:\\\/\\\/www.rbw.it\\\/it\\\/produzioni\\\/colorado-movies\\\/me-contro-te-il-film-persi-nel-tempo\\\/#breadcrumb\",\"itemListElement\":[{\"@type\":\"ListItem\",\"position\":1,\"name\":\"Home\",\"item\":\"https:\\\/\\\/www.rbw.it\\\/it\\\/\"},{\"@type\":\"ListItem\",\"position\":2,\"name\":\"Produzioni\",\"item\":\"https:\\\/\\\/www.rbw.it\\\/it\\\/produzioni\\\/\"},{\"@type\":\"ListItem\",\"position\":3,\"name\":\"Colorado Movies\",\"item\":\"https:\\\/\\\/www.rbw.it\\\/it\\\/produzioni\\\/colorado-movies\\\/\"},{\"@type\":\"ListItem\",\"position\":4,\"name\":\"Me Contro Te, Il Film \u2013 Persi nel tempo\"}]},{\"@type\":\"WebSite\",\"@id\":\"https:\\\/\\\/www.rbw.it\\\/it\\\/#website\",\"url\":\"https:\\\/\\\/www.rbw.it\\\/it\\\/\",\"name\":\"Rainbow SpA\",\"description\":\"Beyond magic\",\"publisher\":{\"@id\":\"https:\\\/\\\/www.rbw.it\\\/it\\\/#organization\"},\"potentialAction\":[{\"@type\":\"SearchAction\",\"target\":{\"@type\":\"EntryPoint\",\"urlTemplate\":\"https:\\\/\\\/www.rbw.it\\\/it\\\/?s={search_term_string}\"},\"query-input\":{\"@type\":\"PropertyValueSpecification\",\"valueRequired\":true,\"valueName\":\"search_term_string\"}}],\"inLanguage\":\"it-IT\"},{\"@type\":\"Organization\",\"@id\":\"https:\\\/\\\/www.rbw.it\\\/it\\\/#organization\",\"name\":\"Rainbow SpA\",\"url\":\"https:\\\/\\\/www.rbw.it\\\/it\\\/\",\"logo\":{\"@type\":\"ImageObject\",\"inLanguage\":\"it-IT\",\"@id\":\"https:\\\/\\\/www.rbw.it\\\/it\\\/#\\\/schema\\\/logo\\\/image\\\/\",\"url\":\"https:\\\/\\\/www.rbw.it\\\/it\\\/wp-content\\\/uploads\\\/sites\\\/6\\\/2016\\\/10\\\/logo.png\",\"contentUrl\":\"https:\\\/\\\/www.rbw.it\\\/it\\\/wp-content\\\/uploads\\\/sites\\\/6\\\/2016\\\/10\\\/logo.png\",\"width\":113,\"height\":90,\"caption\":\"Rainbow SpA\"},\"image\":{\"@id\":\"https:\\\/\\\/www.rbw.it\\\/it\\\/#\\\/schema\\\/logo\\\/image\\\/\"},\"sameAs\":[\"https:\\\/\\\/www.facebook.com\\\/RainbowGroupOfficial\\\/\",\"https:\\\/\\\/www.instagram.com\\\/rainbowgroupofficial_\\\/\",\"https:\\\/\\\/www.linkedin.com\\\/company\\\/rainbowgroupofficial\\\/\",\"https:\\\/\\\/www.youtube.com\\\/channel\\\/UCOQ7INK1R7ySyytS_3fYl4A\"]}]}<\/script>\n<!-- \/ Yoast SEO plugin. -->","yoast_head_json":{"title":"Me Contro Te, Il Film \u2013 Persi nel tempo - Rainbow SpA","robots":{"index":"index","follow":"follow","max-snippet":"max-snippet:-1","max-image-preview":"max-image-preview:large","max-video-preview":"max-video-preview:-1"},"canonical":"https:\/\/www.rbw.it\/it\/produzioni\/colorado-movies\/me-contro-te-il-film-persi-nel-tempo\/","og_locale":"it_IT","og_type":"article","og_title":"Me Contro Te, Il Film \u2013 Persi nel tempo - Rainbow SpA","og_description":"\u00c9 un giorno speciale per Lu\u00ec, che finalmente sta per ricevere il diploma da scienziato, e come sempre Sof\u00ec \u00e8 l\u00ec al suo fianco a sostenerlo e a dargli coraggio. All\u2019evento non pu\u00f2 poi di certo mancare Pongo, il loro amico di sempre. Ancora una volta per\u00f2, il Signor S e la fedele Perfidia, cercheranno [...]Leggi di pi\u00f9... from Me Contro Te, Il Film \u2013 Persi nel tempo","og_url":"https:\/\/www.rbw.it\/it\/produzioni\/colorado-movies\/me-contro-te-il-film-persi-nel-tempo\/","og_site_name":"Rainbow SpA","article_publisher":"https:\/\/www.facebook.com\/RainbowGroupOfficial\/","article_modified_time":"2023-03-15T11:13:35+00:00","twitter_card":"summary_large_image","twitter_misc":{"Tempo di lettura stimato":"1 minuto"},"schema":{"@context":"https:\/\/schema.org","@graph":[{"@type":"WebPage","@id":"https:\/\/www.rbw.it\/it\/produzioni\/colorado-movies\/me-contro-te-il-film-persi-nel-tempo\/","url":"https:\/\/www.rbw.it\/it\/produzioni\/colorado-movies\/me-contro-te-il-film-persi-nel-tempo\/","name":"Me Contro Te, Il Film \u2013 Persi nel tempo - Rainbow SpA","isPartOf":{"@id":"https:\/\/www.rbw.it\/it\/#website"},"datePublished":"2023-03-15T11:13:34+00:00","dateModified":"2023-03-15T11:13:35+00:00","breadcrumb":{"@id":"https:\/\/www.rbw.it\/it\/produzioni\/colorado-movies\/me-contro-te-il-film-persi-nel-tempo\/#breadcrumb"},"inLanguage":"it-IT","potentialAction":[{"@type":"ReadAction","target":["https:\/\/www.rbw.it\/it\/produzioni\/colorado-movies\/me-contro-te-il-film-persi-nel-tempo\/"]}]},{"@type":"BreadcrumbList","@id":"https:\/\/www.rbw.it\/it\/produzioni\/colorado-movies\/me-contro-te-il-film-persi-nel-tempo\/#breadcrumb","itemListElement":[{"@type":"ListItem","position":1,"name":"Home","item":"https:\/\/www.rbw.it\/it\/"},{"@type":"ListItem","position":2,"name":"Produzioni","item":"https:\/\/www.rbw.it\/it\/produzioni\/"},{"@type":"ListItem","position":3,"name":"Colorado Movies","item":"https:\/\/www.rbw.it\/it\/produzioni\/colorado-movies\/"},{"@type":"ListItem","position":4,"name":"Me Contro Te, Il Film \u2013 Persi nel tempo"}]},{"@type":"WebSite","@id":"https:\/\/www.rbw.it\/it\/#website","url":"https:\/\/www.rbw.it\/it\/","name":"Rainbow SpA","description":"Beyond magic","publisher":{"@id":"https:\/\/www.rbw.it\/it\/#organization"},"potentialAction":[{"@type":"SearchAction","target":{"@type":"EntryPoint","urlTemplate":"https:\/\/www.rbw.it\/it\/?s={search_term_string}"},"query-input":{"@type":"PropertyValueSpecification","valueRequired":true,"valueName":"search_term_string"}}],"inLanguage":"it-IT"},{"@type":"Organization","@id":"https:\/\/www.rbw.it\/it\/#organization","name":"Rainbow SpA","url":"https:\/\/www.rbw.it\/it\/","logo":{"@type":"ImageObject","inLanguage":"it-IT","@id":"https:\/\/www.rbw.it\/it\/#\/schema\/logo\/image\/","url":"https:\/\/www.rbw.it\/it\/wp-content\/uploads\/sites\/6\/2016\/10\/logo.png","contentUrl":"https:\/\/www.rbw.it\/it\/wp-content\/uploads\/sites\/6\/2016\/10\/logo.png","width":113,"height":90,"caption":"Rainbow SpA"},"image":{"@id":"https:\/\/www.rbw.it\/it\/#\/schema\/logo\/image\/"},"sameAs":["https:\/\/www.facebook.com\/RainbowGroupOfficial\/","https:\/\/www.instagram.com\/rainbowgroupofficial_\/","https:\/\/www.linkedin.com\/company\/rainbowgroupofficial\/","https:\/\/www.youtube.com\/channel\/UCOQ7INK1R7ySyytS_3fYl4A"]}]}},"_links":{"self":[{"href":"https:\/\/www.rbw.it\/it\/wp-json\/wp\/v2\/pages\/2007","targetHints":{"allow":["GET"]}}],"collection":[{"href":"https:\/\/www.rbw.it\/it\/wp-json\/wp\/v2\/pages"}],"about":[{"href":"https:\/\/www.rbw.it\/it\/wp-json\/wp\/v2\/types\/page"}],"author":[{"embeddable":true,"href":"https:\/\/www.rbw.it\/it\/wp-json\/wp\/v2\/users\/3"}],"replies":[{"embeddable":true,"href":"https:\/\/www.rbw.it\/it\/wp-json\/wp\/v2\/comments?post=2007"}],"version-history":[{"count":2,"href":"https:\/\/www.rbw.it\/it\/wp-json\/wp\/v2\/pages\/2007\/revisions"}],"predecessor-version":[{"id":2012,"href":"https:\/\/www.rbw.it\/it\/wp-json\/wp\/v2\/pages\/2007\/revisions\/2012"}],"up":[{"embeddable":true,"href":"https:\/\/www.rbw.it\/it\/wp-json\/wp\/v2\/pages\/528"}],"wp:attachment":[{"href":"https:\/\/www.rbw.it\/it\/wp-json\/wp\/v2\/media?parent=2007"}],"wp:term":[{"taxonomy":"category","embeddable":true,"href":"https:\/\/www.rbw.it\/it\/wp-json\/wp\/v2\/categories?post=2007"},{"taxonomy":"post_tag","embeddable":true,"href":"https:\/\/www.rbw.it\/it\/wp-json\/wp\/v2\/tags?post=2007"}],"curies":[{"name":"wp","href":"https:\/\/api.w.org\/{rel}","templated":true}]}}