{"id":2019,"date":"2023-03-15T13:16:53","date_gmt":"2023-03-15T11:16:53","guid":{"rendered":"https:\/\/www.rbw.it\/it\/?page_id=2019"},"modified":"2023-03-15T13:16:54","modified_gmt":"2023-03-15T11:16:54","slug":"il-mio-nome-e-vendetta","status":"publish","type":"page","link":"https:\/\/www.rbw.it\/it\/produzioni\/colorado-movies\/il-mio-nome-e-vendetta\/","title":{"rendered":"Il mio nome \u00e8 Vendetta"},"content":{"rendered":"\n<p>Sofia \u00e8 una tranquilla teenager che passa il suo tempo tra partite di hockey, di cui \u00e8 campionessa, e lezioni di guida off-road. Fino al momento in cui, disobbedendo a Santo, suo padre, lo fotografa di nascosto e pubblica la sua foto su Instagram. Il piccolo post \u00e8 sufficiente a cambiare le loro vite per sempre. Seguendo la traccia informatica, due criminali entrano nella loro casa e uccidono barbaramente la madre e lo zio di Sofia, dando vita a un regolamento di conti covato per quasi vent\u2019anni. Sofia scoprir\u00e0 che la verit\u00e0 le \u00e8 sempre stata taciuta e che Santo nasconde un oscuro passato di affiliato alla N\u2019drangheta. Non senza conflitto, Sofia abbraccer\u00e0 un\u2019eredit\u00e0 fatta di furia e violenza e si alleer\u00e0 col padre per cercare una spietata vendetta<\/p>\n","protected":false},"excerpt":{"rendered":"<p>Sofia \u00e8 una tranquilla teenager che passa il suo tempo tra partite di hockey, di cui \u00e8 campionessa, e lezioni di guida off-road. Fino al momento in cui, disobbedendo a Santo, suo padre, lo fotografa di nascosto e pubblica la sua foto su Instagram. Il piccolo post \u00e8 sufficiente a cambiare le loro vite per [&#8230;]<\/p>\n<p><a class=\"btn btn-secondary understrap-read-more-link\" href=\"https:\/\/www.rbw.it\/it\/produzioni\/colorado-movies\/il-mio-nome-e-vendetta\/\">Leggi di pi\u00f9&#8230;<span class=\"screen-reader-text\"> from Il mio nome \u00e8 Vendetta<\/span><\/a><\/p>\n","protected":false},"author":3,"featured_media":0,"parent":528,"menu_order":0,"comment_status":"closed","ping_status":"closed","template":"page-templates\/pag_overlay.php","meta":{"_acf_changed":false,"footnotes":""},"categories":[],"tags":[],"class_list":["post-2019","page","type-page","status-publish","hentry"],"acf":[],"yoast_head":"<!-- This site is optimized with the Yoast SEO plugin v27.2 - https:\/\/yoast.com\/product\/yoast-seo-wordpress\/ -->\n<title>Il mio nome \u00e8 Vendetta - Rainbow SpA<\/title>\n<meta name=\"robots\" content=\"index, follow, max-snippet:-1, max-image-preview:large, max-video-preview:-1\" \/>\n<link rel=\"canonical\" href=\"https:\/\/www.rbw.it\/it\/produzioni\/colorado-movies\/il-mio-nome-e-vendetta\/\" \/>\n<meta property=\"og:locale\" content=\"it_IT\" \/>\n<meta property=\"og:type\" content=\"article\" \/>\n<meta property=\"og:title\" content=\"Il mio nome \u00e8 Vendetta - Rainbow SpA\" \/>\n<meta property=\"og:description\" content=\"Sofia \u00e8 una tranquilla teenager che passa il suo tempo tra partite di hockey, di cui \u00e8 campionessa, e lezioni di guida off-road. Fino al momento in cui, disobbedendo a Santo, suo padre, lo fotografa di nascosto e pubblica la sua foto su Instagram. Il piccolo post \u00e8 sufficiente a cambiare le loro vite per [...]Leggi di pi\u00f9... from Il mio nome \u00e8 Vendetta\" \/>\n<meta property=\"og:url\" content=\"https:\/\/www.rbw.it\/it\/produzioni\/colorado-movies\/il-mio-nome-e-vendetta\/\" \/>\n<meta property=\"og:site_name\" content=\"Rainbow SpA\" \/>\n<meta property=\"article:publisher\" content=\"https:\/\/www.facebook.com\/RainbowGroupOfficial\/\" \/>\n<meta property=\"article:modified_time\" content=\"2023-03-15T11:16:54+00:00\" \/>\n<meta name=\"twitter:card\" content=\"summary_large_image\" \/>\n<meta name=\"twitter:label1\" content=\"Tempo di lettura stimato\" \/>\n\t<meta name=\"twitter:data1\" content=\"1 minuto\" \/>\n<script type=\"application\/ld+json\" class=\"yoast-schema-graph\">{\"@context\":\"https:\/\/schema.org\",\"@graph\":[{\"@type\":\"WebPage\",\"@id\":\"https:\/\/www.rbw.it\/it\/produzioni\/colorado-movies\/il-mio-nome-e-vendetta\/\",\"url\":\"https:\/\/www.rbw.it\/it\/produzioni\/colorado-movies\/il-mio-nome-e-vendetta\/\",\"name\":\"Il mio nome \u00e8 Vendetta - Rainbow SpA\",\"isPartOf\":{\"@id\":\"https:\/\/www.rbw.it\/it\/#website\"},\"datePublished\":\"2023-03-15T11:16:53+00:00\",\"dateModified\":\"2023-03-15T11:16:54+00:00\",\"breadcrumb\":{\"@id\":\"https:\/\/www.rbw.it\/it\/produzioni\/colorado-movies\/il-mio-nome-e-vendetta\/#breadcrumb\"},\"inLanguage\":\"it-IT\",\"potentialAction\":[{\"@type\":\"ReadAction\",\"target\":[\"https:\/\/www.rbw.it\/it\/produzioni\/colorado-movies\/il-mio-nome-e-vendetta\/\"]}]},{\"@type\":\"BreadcrumbList\",\"@id\":\"https:\/\/www.rbw.it\/it\/produzioni\/colorado-movies\/il-mio-nome-e-vendetta\/#breadcrumb\",\"itemListElement\":[{\"@type\":\"ListItem\",\"position\":1,\"name\":\"Home\",\"item\":\"https:\/\/www.rbw.it\/it\/\"},{\"@type\":\"ListItem\",\"position\":2,\"name\":\"Produzioni\",\"item\":\"https:\/\/www.rbw.it\/it\/produzioni\/\"},{\"@type\":\"ListItem\",\"position\":3,\"name\":\"Colorado Movies\",\"item\":\"https:\/\/www.rbw.it\/it\/produzioni\/colorado-movies\/\"},{\"@type\":\"ListItem\",\"position\":4,\"name\":\"Il mio nome \u00e8 Vendetta\"}]},{\"@type\":\"WebSite\",\"@id\":\"https:\/\/www.rbw.it\/it\/#website\",\"url\":\"https:\/\/www.rbw.it\/it\/\",\"name\":\"Rainbow SpA\",\"description\":\"Beyond magic\",\"publisher\":{\"@id\":\"https:\/\/www.rbw.it\/it\/#organization\"},\"potentialAction\":[{\"@type\":\"SearchAction\",\"target\":{\"@type\":\"EntryPoint\",\"urlTemplate\":\"https:\/\/www.rbw.it\/it\/?s={search_term_string}\"},\"query-input\":{\"@type\":\"PropertyValueSpecification\",\"valueRequired\":true,\"valueName\":\"search_term_string\"}}],\"inLanguage\":\"it-IT\"},{\"@type\":\"Organization\",\"@id\":\"https:\/\/www.rbw.it\/it\/#organization\",\"name\":\"Rainbow SpA\",\"url\":\"https:\/\/www.rbw.it\/it\/\",\"logo\":{\"@type\":\"ImageObject\",\"inLanguage\":\"it-IT\",\"@id\":\"https:\/\/www.rbw.it\/it\/#\/schema\/logo\/image\/\",\"url\":\"https:\/\/www.rbw.it\/it\/wp-content\/uploads\/sites\/6\/2016\/10\/logo.png\",\"contentUrl\":\"https:\/\/www.rbw.it\/it\/wp-content\/uploads\/sites\/6\/2016\/10\/logo.png\",\"width\":113,\"height\":90,\"caption\":\"Rainbow SpA\"},\"image\":{\"@id\":\"https:\/\/www.rbw.it\/it\/#\/schema\/logo\/image\/\"},\"sameAs\":[\"https:\/\/www.facebook.com\/RainbowGroupOfficial\/\",\"https:\/\/www.instagram.com\/rainbowgroupofficial_\/\",\"https:\/\/www.linkedin.com\/company\/rainbowgroupofficial\/\",\"https:\/\/www.youtube.com\/channel\/UCOQ7INK1R7ySyytS_3fYl4A\"]}]}<\/script>\n<!-- \/ Yoast SEO plugin. -->","yoast_head_json":{"title":"Il mio nome \u00e8 Vendetta - Rainbow SpA","robots":{"index":"index","follow":"follow","max-snippet":"max-snippet:-1","max-image-preview":"max-image-preview:large","max-video-preview":"max-video-preview:-1"},"canonical":"https:\/\/www.rbw.it\/it\/produzioni\/colorado-movies\/il-mio-nome-e-vendetta\/","og_locale":"it_IT","og_type":"article","og_title":"Il mio nome \u00e8 Vendetta - Rainbow SpA","og_description":"Sofia \u00e8 una tranquilla teenager che passa il suo tempo tra partite di hockey, di cui \u00e8 campionessa, e lezioni di guida off-road. Fino al momento in cui, disobbedendo a Santo, suo padre, lo fotografa di nascosto e pubblica la sua foto su Instagram. Il piccolo post \u00e8 sufficiente a cambiare le loro vite per [...]Leggi di pi\u00f9... from Il mio nome \u00e8 Vendetta","og_url":"https:\/\/www.rbw.it\/it\/produzioni\/colorado-movies\/il-mio-nome-e-vendetta\/","og_site_name":"Rainbow SpA","article_publisher":"https:\/\/www.facebook.com\/RainbowGroupOfficial\/","article_modified_time":"2023-03-15T11:16:54+00:00","twitter_card":"summary_large_image","twitter_misc":{"Tempo di lettura stimato":"1 minuto"},"schema":{"@context":"https:\/\/schema.org","@graph":[{"@type":"WebPage","@id":"https:\/\/www.rbw.it\/it\/produzioni\/colorado-movies\/il-mio-nome-e-vendetta\/","url":"https:\/\/www.rbw.it\/it\/produzioni\/colorado-movies\/il-mio-nome-e-vendetta\/","name":"Il mio nome \u00e8 Vendetta - Rainbow SpA","isPartOf":{"@id":"https:\/\/www.rbw.it\/it\/#website"},"datePublished":"2023-03-15T11:16:53+00:00","dateModified":"2023-03-15T11:16:54+00:00","breadcrumb":{"@id":"https:\/\/www.rbw.it\/it\/produzioni\/colorado-movies\/il-mio-nome-e-vendetta\/#breadcrumb"},"inLanguage":"it-IT","potentialAction":[{"@type":"ReadAction","target":["https:\/\/www.rbw.it\/it\/produzioni\/colorado-movies\/il-mio-nome-e-vendetta\/"]}]},{"@type":"BreadcrumbList","@id":"https:\/\/www.rbw.it\/it\/produzioni\/colorado-movies\/il-mio-nome-e-vendetta\/#breadcrumb","itemListElement":[{"@type":"ListItem","position":1,"name":"Home","item":"https:\/\/www.rbw.it\/it\/"},{"@type":"ListItem","position":2,"name":"Produzioni","item":"https:\/\/www.rbw.it\/it\/produzioni\/"},{"@type":"ListItem","position":3,"name":"Colorado Movies","item":"https:\/\/www.rbw.it\/it\/produzioni\/colorado-movies\/"},{"@type":"ListItem","position":4,"name":"Il mio nome \u00e8 Vendetta"}]},{"@type":"WebSite","@id":"https:\/\/www.rbw.it\/it\/#website","url":"https:\/\/www.rbw.it\/it\/","name":"Rainbow SpA","description":"Beyond magic","publisher":{"@id":"https:\/\/www.rbw.it\/it\/#organization"},"potentialAction":[{"@type":"SearchAction","target":{"@type":"EntryPoint","urlTemplate":"https:\/\/www.rbw.it\/it\/?s={search_term_string}"},"query-input":{"@type":"PropertyValueSpecification","valueRequired":true,"valueName":"search_term_string"}}],"inLanguage":"it-IT"},{"@type":"Organization","@id":"https:\/\/www.rbw.it\/it\/#organization","name":"Rainbow SpA","url":"https:\/\/www.rbw.it\/it\/","logo":{"@type":"ImageObject","inLanguage":"it-IT","@id":"https:\/\/www.rbw.it\/it\/#\/schema\/logo\/image\/","url":"https:\/\/www.rbw.it\/it\/wp-content\/uploads\/sites\/6\/2016\/10\/logo.png","contentUrl":"https:\/\/www.rbw.it\/it\/wp-content\/uploads\/sites\/6\/2016\/10\/logo.png","width":113,"height":90,"caption":"Rainbow SpA"},"image":{"@id":"https:\/\/www.rbw.it\/it\/#\/schema\/logo\/image\/"},"sameAs":["https:\/\/www.facebook.com\/RainbowGroupOfficial\/","https:\/\/www.instagram.com\/rainbowgroupofficial_\/","https:\/\/www.linkedin.com\/company\/rainbowgroupofficial\/","https:\/\/www.youtube.com\/channel\/UCOQ7INK1R7ySyytS_3fYl4A"]}]}},"_links":{"self":[{"href":"https:\/\/www.rbw.it\/it\/wp-json\/wp\/v2\/pages\/2019","targetHints":{"allow":["GET"]}}],"collection":[{"href":"https:\/\/www.rbw.it\/it\/wp-json\/wp\/v2\/pages"}],"about":[{"href":"https:\/\/www.rbw.it\/it\/wp-json\/wp\/v2\/types\/page"}],"author":[{"embeddable":true,"href":"https:\/\/www.rbw.it\/it\/wp-json\/wp\/v2\/users\/3"}],"replies":[{"embeddable":true,"href":"https:\/\/www.rbw.it\/it\/wp-json\/wp\/v2\/comments?post=2019"}],"version-history":[{"count":2,"href":"https:\/\/www.rbw.it\/it\/wp-json\/wp\/v2\/pages\/2019\/revisions"}],"predecessor-version":[{"id":2024,"href":"https:\/\/www.rbw.it\/it\/wp-json\/wp\/v2\/pages\/2019\/revisions\/2024"}],"up":[{"embeddable":true,"href":"https:\/\/www.rbw.it\/it\/wp-json\/wp\/v2\/pages\/528"}],"wp:attachment":[{"href":"https:\/\/www.rbw.it\/it\/wp-json\/wp\/v2\/media?parent=2019"}],"wp:term":[{"taxonomy":"category","embeddable":true,"href":"https:\/\/www.rbw.it\/it\/wp-json\/wp\/v2\/categories?post=2019"},{"taxonomy":"post_tag","embeddable":true,"href":"https:\/\/www.rbw.it\/it\/wp-json\/wp\/v2\/tags?post=2019"}],"curies":[{"name":"wp","href":"https:\/\/api.w.org\/{rel}","templated":true}]}}