{"id":2037,"date":"2023-03-15T13:21:29","date_gmt":"2023-03-15T11:21:29","guid":{"rendered":"https:\/\/www.rbw.it\/it\/?page_id=2037"},"modified":"2023-03-15T13:21:29","modified_gmt":"2023-03-15T11:21:29","slug":"me-contro-te-il-film-missione-giungla","status":"publish","type":"page","link":"https:\/\/www.rbw.it\/it\/produzioni\/colorado-movies\/me-contro-te-il-film-missione-giungla\/","title":{"rendered":"Me Contro Te, Il Film \u2013 Missione giungla"},"content":{"rendered":"\n<p>Dopo le avventure nell\u2019Antico Egitto, Lu\u00ec (Luigi Calagna) e Sof\u00ec (Sofia Scalia) vorrebbero solo riposarsi, ma una nuova minaccia incombe sulla Terra. Una fonte magica nascosta tra la giungla custodisce la chiave per annullare tutti gli incantesimi del mondo ma, se contaminata, pu\u00f2 trasformare la Terra in un deserto spoglio e senza vita. Viperiana lo ha scoperto e con l\u2019aiuto del suo fedele servitore Serpe ha gi\u00e0 iniziato a mescolare nella fonte pozioni stregate che rendono l\u2019acqua viola; ci vorr\u00e0 solo qualche giorno perch\u00e9 tutto sia irreversibilmente avvelenato. Inizia una lotta contro il tempo per Lu\u00ec e Sof\u00ec che insieme all\u2019aiutante di Pongo e accompagnati dalla guida Serenino e da Tara, figlia del capo trib\u00f9 dei Pesantosi, dovranno decifrare la mappa che li condurr\u00e0 alla fonte magica e sventare il piano diabolico di Viperiana. Ma devono stare attenti, perch\u00e9 tra loro si nasconde un nemico inaspettato!<\/p>\n","protected":false},"excerpt":{"rendered":"<p>Dopo le avventure nell\u2019Antico Egitto, Lu\u00ec (Luigi Calagna) e Sof\u00ec (Sofia Scalia) vorrebbero solo riposarsi, ma una nuova minaccia incombe sulla Terra. Una fonte magica nascosta tra la giungla custodisce la chiave per annullare tutti gli incantesimi del mondo ma, se contaminata, pu\u00f2 trasformare la Terra in un deserto spoglio e senza vita. Viperiana lo [&#8230;]<\/p>\n<p><a class=\"btn btn-secondary understrap-read-more-link\" href=\"https:\/\/www.rbw.it\/it\/produzioni\/colorado-movies\/me-contro-te-il-film-missione-giungla\/\">Leggi di pi\u00f9&#8230;<span class=\"screen-reader-text\"> from Me Contro Te, Il Film \u2013 Missione giungla<\/span><\/a><\/p>\n","protected":false},"author":3,"featured_media":0,"parent":528,"menu_order":0,"comment_status":"closed","ping_status":"closed","template":"page-templates\/pag_overlay.php","meta":{"_acf_changed":false,"footnotes":""},"categories":[],"tags":[],"class_list":["post-2037","page","type-page","status-publish","hentry"],"acf":[],"yoast_head":"<!-- This site is optimized with the Yoast SEO plugin v27.2 - https:\/\/yoast.com\/product\/yoast-seo-wordpress\/ -->\n<title>Me Contro Te, Il Film \u2013 Missione giungla - Rainbow SpA<\/title>\n<meta name=\"robots\" content=\"index, follow, max-snippet:-1, max-image-preview:large, max-video-preview:-1\" \/>\n<link rel=\"canonical\" href=\"https:\/\/www.rbw.it\/it\/produzioni\/colorado-movies\/me-contro-te-il-film-missione-giungla\/\" \/>\n<meta property=\"og:locale\" content=\"it_IT\" \/>\n<meta property=\"og:type\" content=\"article\" \/>\n<meta property=\"og:title\" content=\"Me Contro Te, Il Film \u2013 Missione giungla - Rainbow SpA\" \/>\n<meta property=\"og:description\" content=\"Dopo le avventure nell\u2019Antico Egitto, Lu\u00ec (Luigi Calagna) e Sof\u00ec (Sofia Scalia) vorrebbero solo riposarsi, ma una nuova minaccia incombe sulla Terra. Una fonte magica nascosta tra la giungla custodisce la chiave per annullare tutti gli incantesimi del mondo ma, se contaminata, pu\u00f2 trasformare la Terra in un deserto spoglio e senza vita. Viperiana lo [...]Leggi di pi\u00f9... from Me Contro Te, Il Film \u2013 Missione giungla\" \/>\n<meta property=\"og:url\" content=\"https:\/\/www.rbw.it\/it\/produzioni\/colorado-movies\/me-contro-te-il-film-missione-giungla\/\" \/>\n<meta property=\"og:site_name\" content=\"Rainbow SpA\" \/>\n<meta property=\"article:publisher\" content=\"https:\/\/www.facebook.com\/RainbowGroupOfficial\/\" \/>\n<meta name=\"twitter:card\" content=\"summary_large_image\" \/>\n<meta name=\"twitter:label1\" content=\"Tempo di lettura stimato\" \/>\n\t<meta name=\"twitter:data1\" content=\"1 minuto\" \/>\n<script type=\"application\/ld+json\" class=\"yoast-schema-graph\">{\"@context\":\"https:\/\/schema.org\",\"@graph\":[{\"@type\":\"WebPage\",\"@id\":\"https:\/\/www.rbw.it\/it\/produzioni\/colorado-movies\/me-contro-te-il-film-missione-giungla\/\",\"url\":\"https:\/\/www.rbw.it\/it\/produzioni\/colorado-movies\/me-contro-te-il-film-missione-giungla\/\",\"name\":\"Me Contro Te, Il Film \u2013 Missione giungla - Rainbow SpA\",\"isPartOf\":{\"@id\":\"https:\/\/www.rbw.it\/it\/#website\"},\"datePublished\":\"2023-03-15T11:21:29+00:00\",\"breadcrumb\":{\"@id\":\"https:\/\/www.rbw.it\/it\/produzioni\/colorado-movies\/me-contro-te-il-film-missione-giungla\/#breadcrumb\"},\"inLanguage\":\"it-IT\",\"potentialAction\":[{\"@type\":\"ReadAction\",\"target\":[\"https:\/\/www.rbw.it\/it\/produzioni\/colorado-movies\/me-contro-te-il-film-missione-giungla\/\"]}]},{\"@type\":\"BreadcrumbList\",\"@id\":\"https:\/\/www.rbw.it\/it\/produzioni\/colorado-movies\/me-contro-te-il-film-missione-giungla\/#breadcrumb\",\"itemListElement\":[{\"@type\":\"ListItem\",\"position\":1,\"name\":\"Home\",\"item\":\"https:\/\/www.rbw.it\/it\/\"},{\"@type\":\"ListItem\",\"position\":2,\"name\":\"Produzioni\",\"item\":\"https:\/\/www.rbw.it\/it\/produzioni\/\"},{\"@type\":\"ListItem\",\"position\":3,\"name\":\"Colorado Movies\",\"item\":\"https:\/\/www.rbw.it\/it\/produzioni\/colorado-movies\/\"},{\"@type\":\"ListItem\",\"position\":4,\"name\":\"Me Contro Te, Il Film \u2013 Missione giungla\"}]},{\"@type\":\"WebSite\",\"@id\":\"https:\/\/www.rbw.it\/it\/#website\",\"url\":\"https:\/\/www.rbw.it\/it\/\",\"name\":\"Rainbow SpA\",\"description\":\"Beyond magic\",\"publisher\":{\"@id\":\"https:\/\/www.rbw.it\/it\/#organization\"},\"potentialAction\":[{\"@type\":\"SearchAction\",\"target\":{\"@type\":\"EntryPoint\",\"urlTemplate\":\"https:\/\/www.rbw.it\/it\/?s={search_term_string}\"},\"query-input\":{\"@type\":\"PropertyValueSpecification\",\"valueRequired\":true,\"valueName\":\"search_term_string\"}}],\"inLanguage\":\"it-IT\"},{\"@type\":\"Organization\",\"@id\":\"https:\/\/www.rbw.it\/it\/#organization\",\"name\":\"Rainbow SpA\",\"url\":\"https:\/\/www.rbw.it\/it\/\",\"logo\":{\"@type\":\"ImageObject\",\"inLanguage\":\"it-IT\",\"@id\":\"https:\/\/www.rbw.it\/it\/#\/schema\/logo\/image\/\",\"url\":\"https:\/\/www.rbw.it\/it\/wp-content\/uploads\/sites\/6\/2016\/10\/logo.png\",\"contentUrl\":\"https:\/\/www.rbw.it\/it\/wp-content\/uploads\/sites\/6\/2016\/10\/logo.png\",\"width\":113,\"height\":90,\"caption\":\"Rainbow SpA\"},\"image\":{\"@id\":\"https:\/\/www.rbw.it\/it\/#\/schema\/logo\/image\/\"},\"sameAs\":[\"https:\/\/www.facebook.com\/RainbowGroupOfficial\/\",\"https:\/\/www.instagram.com\/rainbowgroupofficial_\/\",\"https:\/\/www.linkedin.com\/company\/rainbowgroupofficial\/\",\"https:\/\/www.youtube.com\/channel\/UCOQ7INK1R7ySyytS_3fYl4A\"]}]}<\/script>\n<!-- \/ Yoast SEO plugin. -->","yoast_head_json":{"title":"Me Contro Te, Il Film \u2013 Missione giungla - Rainbow SpA","robots":{"index":"index","follow":"follow","max-snippet":"max-snippet:-1","max-image-preview":"max-image-preview:large","max-video-preview":"max-video-preview:-1"},"canonical":"https:\/\/www.rbw.it\/it\/produzioni\/colorado-movies\/me-contro-te-il-film-missione-giungla\/","og_locale":"it_IT","og_type":"article","og_title":"Me Contro Te, Il Film \u2013 Missione giungla - Rainbow SpA","og_description":"Dopo le avventure nell\u2019Antico Egitto, Lu\u00ec (Luigi Calagna) e Sof\u00ec (Sofia Scalia) vorrebbero solo riposarsi, ma una nuova minaccia incombe sulla Terra. Una fonte magica nascosta tra la giungla custodisce la chiave per annullare tutti gli incantesimi del mondo ma, se contaminata, pu\u00f2 trasformare la Terra in un deserto spoglio e senza vita. Viperiana lo [...]Leggi di pi\u00f9... from Me Contro Te, Il Film \u2013 Missione giungla","og_url":"https:\/\/www.rbw.it\/it\/produzioni\/colorado-movies\/me-contro-te-il-film-missione-giungla\/","og_site_name":"Rainbow SpA","article_publisher":"https:\/\/www.facebook.com\/RainbowGroupOfficial\/","twitter_card":"summary_large_image","twitter_misc":{"Tempo di lettura stimato":"1 minuto"},"schema":{"@context":"https:\/\/schema.org","@graph":[{"@type":"WebPage","@id":"https:\/\/www.rbw.it\/it\/produzioni\/colorado-movies\/me-contro-te-il-film-missione-giungla\/","url":"https:\/\/www.rbw.it\/it\/produzioni\/colorado-movies\/me-contro-te-il-film-missione-giungla\/","name":"Me Contro Te, Il Film \u2013 Missione giungla - Rainbow SpA","isPartOf":{"@id":"https:\/\/www.rbw.it\/it\/#website"},"datePublished":"2023-03-15T11:21:29+00:00","breadcrumb":{"@id":"https:\/\/www.rbw.it\/it\/produzioni\/colorado-movies\/me-contro-te-il-film-missione-giungla\/#breadcrumb"},"inLanguage":"it-IT","potentialAction":[{"@type":"ReadAction","target":["https:\/\/www.rbw.it\/it\/produzioni\/colorado-movies\/me-contro-te-il-film-missione-giungla\/"]}]},{"@type":"BreadcrumbList","@id":"https:\/\/www.rbw.it\/it\/produzioni\/colorado-movies\/me-contro-te-il-film-missione-giungla\/#breadcrumb","itemListElement":[{"@type":"ListItem","position":1,"name":"Home","item":"https:\/\/www.rbw.it\/it\/"},{"@type":"ListItem","position":2,"name":"Produzioni","item":"https:\/\/www.rbw.it\/it\/produzioni\/"},{"@type":"ListItem","position":3,"name":"Colorado Movies","item":"https:\/\/www.rbw.it\/it\/produzioni\/colorado-movies\/"},{"@type":"ListItem","position":4,"name":"Me Contro Te, Il Film \u2013 Missione giungla"}]},{"@type":"WebSite","@id":"https:\/\/www.rbw.it\/it\/#website","url":"https:\/\/www.rbw.it\/it\/","name":"Rainbow SpA","description":"Beyond magic","publisher":{"@id":"https:\/\/www.rbw.it\/it\/#organization"},"potentialAction":[{"@type":"SearchAction","target":{"@type":"EntryPoint","urlTemplate":"https:\/\/www.rbw.it\/it\/?s={search_term_string}"},"query-input":{"@type":"PropertyValueSpecification","valueRequired":true,"valueName":"search_term_string"}}],"inLanguage":"it-IT"},{"@type":"Organization","@id":"https:\/\/www.rbw.it\/it\/#organization","name":"Rainbow SpA","url":"https:\/\/www.rbw.it\/it\/","logo":{"@type":"ImageObject","inLanguage":"it-IT","@id":"https:\/\/www.rbw.it\/it\/#\/schema\/logo\/image\/","url":"https:\/\/www.rbw.it\/it\/wp-content\/uploads\/sites\/6\/2016\/10\/logo.png","contentUrl":"https:\/\/www.rbw.it\/it\/wp-content\/uploads\/sites\/6\/2016\/10\/logo.png","width":113,"height":90,"caption":"Rainbow SpA"},"image":{"@id":"https:\/\/www.rbw.it\/it\/#\/schema\/logo\/image\/"},"sameAs":["https:\/\/www.facebook.com\/RainbowGroupOfficial\/","https:\/\/www.instagram.com\/rainbowgroupofficial_\/","https:\/\/www.linkedin.com\/company\/rainbowgroupofficial\/","https:\/\/www.youtube.com\/channel\/UCOQ7INK1R7ySyytS_3fYl4A"]}]}},"_links":{"self":[{"href":"https:\/\/www.rbw.it\/it\/wp-json\/wp\/v2\/pages\/2037","targetHints":{"allow":["GET"]}}],"collection":[{"href":"https:\/\/www.rbw.it\/it\/wp-json\/wp\/v2\/pages"}],"about":[{"href":"https:\/\/www.rbw.it\/it\/wp-json\/wp\/v2\/types\/page"}],"author":[{"embeddable":true,"href":"https:\/\/www.rbw.it\/it\/wp-json\/wp\/v2\/users\/3"}],"replies":[{"embeddable":true,"href":"https:\/\/www.rbw.it\/it\/wp-json\/wp\/v2\/comments?post=2037"}],"version-history":[{"count":2,"href":"https:\/\/www.rbw.it\/it\/wp-json\/wp\/v2\/pages\/2037\/revisions"}],"predecessor-version":[{"id":2042,"href":"https:\/\/www.rbw.it\/it\/wp-json\/wp\/v2\/pages\/2037\/revisions\/2042"}],"up":[{"embeddable":true,"href":"https:\/\/www.rbw.it\/it\/wp-json\/wp\/v2\/pages\/528"}],"wp:attachment":[{"href":"https:\/\/www.rbw.it\/it\/wp-json\/wp\/v2\/media?parent=2037"}],"wp:term":[{"taxonomy":"category","embeddable":true,"href":"https:\/\/www.rbw.it\/it\/wp-json\/wp\/v2\/categories?post=2037"},{"taxonomy":"post_tag","embeddable":true,"href":"https:\/\/www.rbw.it\/it\/wp-json\/wp\/v2\/tags?post=2037"}],"curies":[{"name":"wp","href":"https:\/\/api.w.org\/{rel}","templated":true}]}}